{"id":167,"date":"2022-12-20T11:19:45","date_gmt":"2022-12-20T11:19:45","guid":{"rendered":"https:\/\/gafaslluquets.com\/?page_id=167"},"modified":"2025-01-02T13:45:07","modified_gmt":"2025-01-02T13:45:07","slug":"tramuntana","status":"publish","type":"page","link":"https:\/\/gafaslluquets.com\/en\/tramuntana\/","title":{"rendered":"Tramuntana"},"content":{"rendered":"<div class=\"tmpl-call_to_action-4 boldgrid-section dynamic-gridblock hidden-xs\" style=\"border-width: 0px; background-image: url('https:\/\/gafaslluquets.com\/wp-content\/uploads\/2022\/12\/ixlibrb-0.3.5q80fmjpgcropentropycstinysrgbw1600h900fitcropsc53b59565db23896cdfd0df157562d7d.jpg'); background-size: cover; background-position: 50% 28%;\" data-image-url=\"https:\/\/gafaslluquets.com\/wp-content\/uploads\/2022\/12\/ixlibrb-0.3.5q80fmjpgcropentropycstinysrgbw1600h900fitcropsc53b59565db23896cdfd0df157562d7d.jpg\">\n<div class=\"container hidden-xs\">\n<div class=\"row hidden-xs\" style=\"padding-bottom: 0px; border-width: 0px;\">\n<div class=\"col-md-4 col-sm-6 col-xs-10 col-lg-2\">\n<div class=\"bg-box-cover bg-background-color bg-box\" style=\"padding: 85px 10%; background-color: rgba(225, 235, 237, 0.8); color: #1d1d1d;\">\n<h2 class=\"h1\" style=\"margin: 30px 0px; border-width: 0px; font-size: 19px;\">Tramuntana<\/h2>\n<\/div>\n<\/div>\n<\/div>\n<\/div>\n<\/div>\n<div class=\"tmpl-call_to_action-17 boldgrid-section dynamic-gridblock hidden-sm hidden-md hidden-lg\" style=\"border-width: 0px; background-image: url('https:\/\/gafaslluquets.com\/wp-content\/uploads\/2022\/12\/ixlibrb-0.3.5q80fmjpgcropentropycstinysrgbw1600h900fitcropsc53b59565db23896cdfd0df157562d7d.jpg'); background-size: cover; background-position: 50% 34%;\" data-image-url=\"https:\/\/gafaslluquets.com\/wp-content\/uploads\/2022\/12\/ixlibrb-0.3.5q80fmjpgcropentropycstinysrgbw1600h900fitcropsc53b59565db23896cdfd0df157562d7d.jpg\">\n<div class=\"container-fluid\">\n<div class=\"row hidden-sm hidden-md hidden-lg\" style=\"padding-top: 182px; border-width: 0px; padding-bottom: 0px;\">\n<div class=\"col-md-1 col-sm-1 col-xs-12 col-lg-5\"><\/div>\n<div class=\"col-md-4 col-sm-4 col-xs-12 align-column-stretch col-lg-7\" style=\"border-width: 0px;\">\n<div class=\"bg-box-cover color4-background-color color-4-text-contrast bg-background-color bg-box\" style=\"padding: 2em; z-index: 1; position: relative; margin-top: 50px; margin-bottom: -50px;\">\n<h2 class=\"\" style=\"margin-top: 0px; text-transform: uppercase; border-width: 0px; font-size: 24px;\">Tramuntana<\/h2>\n<\/div>\n<\/div>\n<\/div>\n<\/div>\n<\/div>\n<div class=\"color-neutral-background-color color-neutral-text-contrast bg-background-color tmpl-services-6 boldgrid-section dynamic-gridblock\">\n<div class=\"container\">\n<div class=\"row\" style=\"padding-top: 69px; padding-bottom: 0px;\">\n<div class=\"col-md-3 col-sm-6 col-xs-12 col-lg-3\">\n<div style=\"padding: 20% 0px;\" class=\"color-neutral-background-color color-neutral-text-contrast bg-background-color bg-box\">\n<p class=\"h4\" style=\"text-align: center;\"><strong>M-011<\/strong><\/p>\n<p class=\"\" style=\"text-align: center;\"><a title=\"M-011\" href=\"https:\/\/gafaslluquets.com\/en\/m-011\/\">See more<\/a><\/p>\n<\/div>\n<\/div>\n<div class=\"col-md-3 col-sm-6 col-xs-12 align-column-center col-lg-3\">\n<p class=\"mod-reset\"><a title=\"M-011\" href=\"https:\/\/gafaslluquets.com\/en\/m-011\/\"><img loading=\"lazy\" decoding=\"async\" class=\"bg-img alignnone wp-image-196 size-medium\" src=\"https:\/\/gafaslluquets.com\/wp-content\/uploads\/2022\/12\/LLUQUETS8288-300x125.png\" alt=\"\" width=\"300\" height=\"125\" srcset=\"\" sizes=\"auto, (max-width: 300px) 100vw, 300px\" data-srcset=\"\" \/><\/a><\/p>\n<\/div>\n<div class=\"col-md-3 col-sm-6 col-xs-12 col-lg-3\">\n<div style=\"padding: 20% 0px;\" class=\"color-neutral-background-color color-neutral-text-contrast bg-background-color bg-box\">\n<p class=\"h4\" style=\"text-align: center;\"><strong>M-012<\/strong><\/p>\n<p class=\"\" style=\"text-align: center;\"><a title=\"M-012\" href=\"https:\/\/gafaslluquets.com\/en\/m-012\/\">See more<\/a><\/p>\n<\/div>\n<\/div>\n<div class=\"col-md-3 col-sm-6 col-xs-12 align-column-center col-lg-3\">\n<p class=\"\" style=\"text-align: center;\"><img loading=\"lazy\" decoding=\"async\" class=\"alignnone wp-image-574 size-medium\" src=\"https:\/\/gafaslluquets.com\/wp-content\/uploads\/2023\/01\/0_1_300_125_M-012-768x321.jpeg\" alt=\"\" width=\"300\" height=\"125\" srcset=\"\" sizes=\"auto, (max-width: 300px) 100vw, 300px\" data-srcset=\"\" \/><a href=\"https:\/\/gafaslluquets.com\/wp-content\/uploads\/2022\/12\/LLUQUETS8287.tif\"><img decoding=\"async\" class=\"bg-img alignnone wp-image-202 size-full\" src=\"https:\/\/gafaslluquets.com\/wp-content\/uploads\/2022\/12\/LLUQUETS8287.tif\" alt=\"\"><\/a><\/p>\n<\/div>\n<\/div>\n<div class=\"row\" style=\"padding-top: 0px; padding-bottom: 0px;\">\n<div class=\"col-md-3 col-sm-6 col-xs-12 col-lg-3\">\n<div style=\"padding: 20% 0px;\" class=\"color-neutral-background-color color-neutral-text-contrast bg-background-color bg-box\">\n<p class=\"h4\" style=\"text-align: center;\"><strong>M-013<\/strong><\/p>\n<p class=\"\" style=\"text-align: center;\"><a title=\"M-013\" href=\"https:\/\/gafaslluquets.com\/en\/m-013\/\">See more<\/a><\/p>\n<\/div>\n<\/div>\n<div class=\"col-md-3 col-sm-6 col-xs-12 align-column-center col-lg-3\">\n<p class=\"mod-reset\"><a title=\"M-013\" href=\"https:\/\/gafaslluquets.com\/en\/m-013\/\"><img loading=\"lazy\" decoding=\"async\" class=\"bg-img alignnone wp-image-215 size-medium\" src=\"https:\/\/gafaslluquets.com\/wp-content\/uploads\/2022\/12\/M-016-300x125.jpeg\" alt=\"\" width=\"300\" height=\"125\" srcset=\"\" sizes=\"auto, (max-width: 300px) 100vw, 300px\" data-srcset=\"\" \/><\/a><\/p>\n<\/div>\n<div class=\"col-md-3 col-sm-6 col-xs-12 col-lg-3\">\n<div style=\"padding: 20% 0px;\" class=\"color-neutral-background-color color-neutral-text-contrast bg-background-color bg-box\">\n<p class=\"h4\" style=\"text-align: center;\"><strong>M-014<\/strong><\/p>\n<p class=\"\" style=\"text-align: center;\"><a title=\"M-014\" href=\"https:\/\/gafaslluquets.com\/en\/m-014\/\">See more<\/a><\/p>\n<\/div>\n<\/div>\n<div class=\"col-md-3 col-sm-6 col-xs-12 align-column-center col-lg-3\">\n<p class=\"\" style=\"text-align: center;\"><a title=\"M-014\" href=\"https:\/\/gafaslluquets.com\/en\/m-014\/\"><img loading=\"lazy\" decoding=\"async\" class=\"alignnone wp-image-219 size-medium\" style=\"border-width: 0px;\" src=\"https:\/\/gafaslluquets.com\/wp-content\/uploads\/2022\/12\/0_1_300_125_M-014-1-768x321.jpeg\" alt=\"\" width=\"300\" height=\"125\" srcset=\"\" sizes=\"auto, (max-width: 300px) 100vw, 300px\" data-srcset=\"\" \/><\/a><a href=\"https:\/\/gafaslluquets.com\/wp-content\/uploads\/2022\/12\/LLUQUETS8287.tif\"><img decoding=\"async\" class=\"bg-img alignnone wp-image-202 size-full\" src=\"https:\/\/gafaslluquets.com\/wp-content\/uploads\/2022\/12\/LLUQUETS8287.tif\" alt=\"\"><\/a><\/p>\n<\/div>\n<\/div>\n<div class=\"row\" style=\"padding-top: 0px; padding-bottom: 0px;\">\n<div class=\"col-md-3 col-sm-6 col-xs-12 col-lg-3\">\n<div style=\"padding: 20% 0px;\" class=\"color-neutral-background-color color-neutral-text-contrast bg-background-color bg-box\">\n<p class=\"h4\" style=\"text-align: center;\"><strong>M-015<\/strong><\/p>\n<p class=\"\" style=\"text-align: center;\"><a title=\"M-015\" href=\"https:\/\/gafaslluquets.com\/en\/m-015\/\">See more<\/a><\/p>\n<\/div>\n<\/div>\n<div class=\"col-md-3 col-sm-6 col-xs-12 align-column-center col-lg-3\">\n<p class=\"mod-reset\"><a title=\"M-015\" href=\"https:\/\/gafaslluquets.com\/en\/m-015\/\"><img loading=\"lazy\" decoding=\"async\" class=\"bg-img alignnone wp-image-226 size-medium\" src=\"https:\/\/gafaslluquets.com\/wp-content\/uploads\/2022\/12\/0_1_300_125_M-015-768x321.jpeg\" alt=\"\" width=\"300\" height=\"125\" srcset=\"\" sizes=\"auto, (max-width: 300px) 100vw, 300px\" data-srcset=\"\" \/><\/a><\/p>\n<\/div>\n<div class=\"col-md-3 col-sm-6 col-xs-12 col-lg-3\">\n<div style=\"padding: 20% 0px;\" class=\"color-neutral-background-color color-neutral-text-contrast bg-background-color bg-box\">\n<p class=\"h4\" style=\"text-align: center;\"><strong>M-016<\/strong><\/p>\n<p class=\"\" style=\"text-align: center;\"><a title=\"M-016\" href=\"https:\/\/gafaslluquets.com\/en\/m-016\/\">See more<\/a><\/p>\n<\/div>\n<\/div>\n<div class=\"col-md-3 col-sm-6 col-xs-12 align-column-center col-lg-3\">\n<p class=\"\" style=\"text-align: center;\"><a title=\"M-016\" href=\"https:\/\/gafaslluquets.com\/en\/m-016\/\"><img loading=\"lazy\" decoding=\"async\" class=\"alignnone wp-image-221 size-medium\" style=\"border-width: 0px;\" src=\"https:\/\/gafaslluquets.com\/wp-content\/uploads\/2022\/12\/0_1_300_125_M-016-1-768x321.jpeg\" alt=\"\" width=\"300\" height=\"125\" srcset=\"\" sizes=\"auto, (max-width: 300px) 100vw, 300px\" data-srcset=\"\" \/><\/a><a href=\"https:\/\/gafaslluquets.com\/wp-content\/uploads\/2022\/12\/LLUQUETS8287.tif\"><img decoding=\"async\" class=\"bg-img alignnone wp-image-202 size-full\" src=\"https:\/\/gafaslluquets.com\/wp-content\/uploads\/2022\/12\/LLUQUETS8287.tif\" alt=\"\"><\/a><\/p>\n<\/div>\n<\/div>\n<div class=\"row\" style=\"padding-top: 0px; padding-bottom: 0px;\">\n<div class=\"col-md-3 col-sm-6 col-xs-12 col-lg-3\">\n<div style=\"padding: 20% 0px;\" class=\"color-neutral-background-color color-neutral-text-contrast bg-background-color bg-box\">\n<p class=\"h4\" style=\"text-align: center;\"><strong>M-017<\/strong><\/p>\n<p class=\"\" style=\"text-align: center;\"><a title=\"M-017\" href=\"https:\/\/gafaslluquets.com\/en\/m-017\/\">See more<\/a><\/p>\n<\/div>\n<\/div>\n<div class=\"col-md-3 col-sm-6 col-xs-12 align-column-center col-lg-3\">\n<p class=\"mod-reset\"><a title=\"M-017\" href=\"https:\/\/gafaslluquets.com\/en\/m-017\/\"><img loading=\"lazy\" decoding=\"async\" class=\"bg-img alignnone wp-image-228 size-medium\" src=\"https:\/\/gafaslluquets.com\/wp-content\/uploads\/2022\/12\/0_1_300_125_M-0172-768x321.jpeg\" alt=\"\" width=\"300\" height=\"125\" srcset=\"\" sizes=\"auto, (max-width: 300px) 100vw, 300px\" data-srcset=\"\" \/><\/a><\/p>\n<\/div>\n<div class=\"col-md-3 col-sm-6 col-xs-12 col-lg-3\">\n<div style=\"padding: 20% 0px;\" class=\"color-neutral-background-color color-neutral-text-contrast bg-background-color bg-box\">\n<p class=\"h4\" style=\"text-align: center;\"><strong>M-018<\/strong><\/p>\n<p class=\"\" style=\"text-align: center;\"><a title=\"M-018\" href=\"https:\/\/gafaslluquets.com\/en\/m-018\/\">See more<\/a><\/p>\n<\/div>\n<\/div>\n<div class=\"col-md-3 col-sm-6 col-xs-12 align-column-center col-lg-3\">\n<p class=\"\" style=\"text-align: center;\"><a title=\"M-018\" href=\"https:\/\/gafaslluquets.com\/en\/m-018\/\"><img loading=\"lazy\" decoding=\"async\" class=\"alignnone wp-image-223 size-medium\" style=\"border-width: 0px;\" src=\"https:\/\/gafaslluquets.com\/wp-content\/uploads\/2022\/12\/0_1_300_125_M-018-768x321.jpeg\" alt=\"\" width=\"300\" height=\"125\" srcset=\"\" sizes=\"auto, (max-width: 300px) 100vw, 300px\" data-srcset=\"\" \/><\/a><a href=\"https:\/\/gafaslluquets.com\/wp-content\/uploads\/2022\/12\/LLUQUETS8287.tif\"><img decoding=\"async\" class=\"bg-img alignnone wp-image-202 size-full\" src=\"https:\/\/gafaslluquets.com\/wp-content\/uploads\/2022\/12\/LLUQUETS8287.tif\" alt=\"\"><\/a><\/p>\n<\/div>\n<\/div>\n<div class=\"row\" style=\"padding-top: 0px; padding-bottom: 100px;\">\n<div class=\"col-md-3 col-sm-6 col-xs-12 col-lg-3\">\n<div style=\"padding: 20% 0px;\" class=\"color-neutral-background-color color-neutral-text-contrast bg-background-color bg-box\">\n<p class=\"h4\" style=\"text-align: center;\"><strong>M-032<\/strong><\/p>\n<p class=\"\" style=\"text-align: center;\"><a title=\"M-021\" href=\"https:\/\/gafaslluquets.com\/en\/m-021\/\">See more<\/a><\/p>\n<\/div>\n<\/div>\n<div class=\"col-md-3 col-sm-6 col-xs-12 align-column-center col-lg-3\">\n<p class=\"mod-reset\"><a title=\"M-021\" href=\"https:\/\/gafaslluquets.com\/en\/m-021\/\"><img loading=\"lazy\" decoding=\"async\" class=\"bg-img alignnone wp-image-229 size-medium\" src=\"https:\/\/gafaslluquets.com\/wp-content\/uploads\/2022\/12\/0_1_300_125_M-021-768x321.jpeg\" alt=\"\" width=\"300\" height=\"125\" srcset=\"\" sizes=\"auto, (max-width: 300px) 100vw, 300px\" data-srcset=\"\" \/><\/a><\/p>\n<\/div>\n<div class=\"col-lg-6 col-md-6 col-sm-12 col-xs-12\" style=\"border-width: 0px;\"><\/div>\n<\/div>\n<\/div>\n<\/div>","protected":false},"excerpt":{"rendered":"<p>tramuntana Tramuntana M-011 Ver m\u00e1s M-012 Ver m\u00e1s M-013 Ver m\u00e1s M-014 Ver m\u00e1s M-015 Ver m\u00e1s M-016 Ver m\u00e1s M-017 Ver m\u00e1s M-018 Ver m\u00e1s M-032 Ver m\u00e1s<\/p>","protected":false},"author":1,"featured_media":0,"parent":0,"menu_order":0,"comment_status":"closed","ping_status":"closed","template":"","meta":{"bgseo_title":"","bgseo_description":"","bgseo_robots_index":"index","bgseo_robots_follow":"follow","crio-premium-page-header-override":null,"crio-premium-page-header-select":"none","crio-premium-page-header-featured-image-background":"","crio-premium-page-header-background":"","_monsterinsights_skip_tracking":false,"_monsterinsights_sitenote_active":false,"_monsterinsights_sitenote_note":"","_monsterinsights_sitenote_category":0,"two_page_speed":{"current_score":{"desktop_score":98,"desktop_tti":"0.5\u00a0","mobile_score":84,"mobile_tti":"2.5\u00a0","date":"24.11.2024 09:38:15 am","status":"error_no_score"}},"footnotes":""},"class_list":["post-167","page","type-page","status-publish"],"aioseo_notices":[],"_links":{"self":[{"href":"https:\/\/gafaslluquets.com\/en\/wp-json\/wp\/v2\/pages\/167","targetHints":{"allow":["GET"]}}],"collection":[{"href":"https:\/\/gafaslluquets.com\/en\/wp-json\/wp\/v2\/pages"}],"about":[{"href":"https:\/\/gafaslluquets.com\/en\/wp-json\/wp\/v2\/types\/page"}],"author":[{"embeddable":true,"href":"https:\/\/gafaslluquets.com\/en\/wp-json\/wp\/v2\/users\/1"}],"replies":[{"embeddable":true,"href":"https:\/\/gafaslluquets.com\/en\/wp-json\/wp\/v2\/comments?post=167"}],"version-history":[{"count":1,"href":"https:\/\/gafaslluquets.com\/en\/wp-json\/wp\/v2\/pages\/167\/revisions"}],"predecessor-version":[{"id":872,"href":"https:\/\/gafaslluquets.com\/en\/wp-json\/wp\/v2\/pages\/167\/revisions\/872"}],"wp:attachment":[{"href":"https:\/\/gafaslluquets.com\/en\/wp-json\/wp\/v2\/media?parent=167"}],"curies":[{"name":"wp","href":"https:\/\/api.w.org\/{rel}","templated":true}]}}