{"id":277,"date":"2022-12-21T11:48:14","date_gmt":"2022-12-21T11:48:14","guid":{"rendered":"https:\/\/gafaslluquets.com\/?page_id=277"},"modified":"2025-01-02T13:44:23","modified_gmt":"2025-01-02T13:44:23","slug":"collecion-especial-1","status":"publish","type":"page","link":"https:\/\/gafaslluquets.com\/en\/collecion-especial-1\/","title":{"rendered":"Special Collection 1"},"content":{"rendered":"<div class=\"tmpl-call_to_action-4 boldgrid-section dynamic-gridblock hidden-xs\" style=\"border-width: 0px; background-image: url('https:\/\/gafaslluquets.com\/wp-content\/uploads\/2022\/12\/Special-8-accesories.jpg'); background-size: cover; background-position: 50% 5%;\" data-alpha=\"0.99\" data-image-url=\"https:\/\/gafaslluquets.com\/wp-content\/uploads\/2022\/12\/Special-8-accesories.jpg\">\n<div class=\"container\">\n<div class=\"row hidden-xs\" style=\"border-width: 0px;\">\n<div class=\"col-md-2 col-sm-6 col-xs-10 col-lg-2\">\n<div class=\"bg-box-cover bg-background-color bg-box\" style=\"padding: 85px 10%; background-color: rgba(225, 235, 237, 0.8); color: #1d1d1d;\">\n<h2 class=\"h1\" style=\"margin: 30px 0px; border-width: 0px; font-size: 19px;\">Coleccion Especial 1<\/h2>\n<\/div>\n<\/div>\n<div class=\"col-md-10 col-sm-6 col-xs-2 col-lg-10\"><\/div>\n<\/div>\n<\/div>\n<\/div>\n<div class=\"tmpl-call_to_action-17 boldgrid-section dynamic-gridblock hidden-sm hidden-md hidden-lg\" style=\"border-width: 0px; background-image: url('https:\/\/gafaslluquets.com\/wp-content\/uploads\/2022\/12\/Special-8-accesories.jpg'); background-size: cover; background-position: 50% 5%;\" data-image-url=\"https:\/\/gafaslluquets.com\/wp-content\/uploads\/2022\/12\/Special-8-accesories.jpg\">\n<div class=\"container-fluid\">\n<div class=\"row bounceInDown hidden-sm hidden-md hidden-lg\" style=\"padding-top: 350px; border-width: 0px;\">\n<div class=\"col-md-1 col-sm-1 col-xs-12 col-lg-1\"><\/div>\n<div class=\"col-md-4 col-sm-4 col-xs-12 align-column-stretch col-lg-4\">\n<p>&nbsp;<\/p>\n<\/div>\n<div class=\"col-md-4 col-sm-4 col-xs-12 align-column-stretch col-lg-4\">\n<div class=\"bg-box-cover bg-background-color bg-box\" style=\"padding: 2em; z-index: 1; position: relative; margin-top: 50px; margin-bottom: -50px; border-width: 0px; background-color: #0f0e0e;\">\n<h2 class=\"color2-color\" style=\"margin-top: 0px; text-transform: uppercase; border-width: 0px; font-size: 26px;\">Special collection 1<\/h2>\n<\/div>\n<\/div>\n<div class=\"col-md-3 col-sm-3 col-xs-12 col-lg-3\"><\/div>\n<\/div>\n<\/div>\n<\/div>\n<div class=\"tmpl-services-6 boldgrid-section dynamic-gridblock\" style=\"border-width: 0px; background-color: #0c0c0c;\">\n<div class=\"container\">\n<div class=\"row\" style=\"padding-top: 69px; padding-bottom: 0px;\">\n<div class=\"col-md-3 col-sm-6 col-xs-12 col-lg-3\">\n<div style=\"padding: 20% 0px; border-width: 0px; background-color: #0c0c0c;\" class=\"bg-background-color bg-box\">\n<p class=\"h4 color-neutral-color\" style=\"text-align: center; border-width: 0px;\"><strong>#1<\/strong><\/p>\n<p class=\"color-neutral-color\" style=\"text-align: center; border-width: 0px;\"><a title=\"Special 1\" href=\"https:\/\/gafaslluquets.com\/en\/special-1\/\">See more<\/a><\/p>\n<\/div>\n<\/div>\n<div class=\"col-md-3 col-sm-6 col-xs-12 align-column-center col-lg-3\">\n<p class=\"mod-reset\"><a title=\"Special 1\" href=\"https:\/\/gafaslluquets.com\/en\/special-1\/\"><img loading=\"lazy\" decoding=\"async\" class=\"bg-img wp-image-286 bg-img-rounded bg-img-border-thin aligncenter\" src=\"https:\/\/gafaslluquets.com\/wp-content\/uploads\/2022\/12\/special-1-300x242.jpg\" alt=\"\" width=\"270\" height=\"218\" srcset=\"\" sizes=\"auto, (max-width: 270px) 100vw, 270px\" data-srcset=\"\" \/><\/a><\/p>\n<\/div>\n<div class=\"col-md-3 col-sm-6 col-xs-12 col-lg-3\">\n<div style=\"padding: 20% 0px; border-width: 0px; background-color: #0a0a0a;\" class=\"bg-background-color bg-box\">\n<p class=\"h4 color4-color\" style=\"text-align: center; border-width: 0px;\"><strong>#2<\/strong><\/p>\n<p class=\"\" style=\"text-align: center;\"><a class=\"color4-color\" style=\"border-width: 0px;\" title=\"Special 2\" href=\"https:\/\/gafaslluquets.com\/en\/special-2\/\">See more<\/a><\/p>\n<\/div>\n<\/div>\n<div class=\"col-md-3 col-sm-6 col-xs-12 align-column-center col-lg-3\">\n<p class=\"\" style=\"text-align: center;\"><a title=\"Special 2\" href=\"https:\/\/gafaslluquets.com\/en\/special-2\/\"><img loading=\"lazy\" decoding=\"async\" class=\"wp-image-285 bg-img bg-img-rounded bg-img-border-thin aligncenter\" src=\"https:\/\/gafaslluquets.com\/wp-content\/uploads\/2022\/12\/0_0_300_230.078125_special-2-768x589.jpg\" alt=\"\" width=\"270\" height=\"207\" srcset=\"\" sizes=\"auto, (max-width: 270px) 100vw, 270px\" data-srcset=\"\" \/><\/a><a href=\"https:\/\/gafaslluquets.com\/wp-content\/uploads\/2022\/12\/LLUQUETS8287.tif\"><img decoding=\"async\" class=\"bg-img alignnone wp-image-202 size-full\" src=\"https:\/\/gafaslluquets.com\/wp-content\/uploads\/2022\/12\/LLUQUETS8287.tif\" alt=\"\"><\/a><\/p>\n<\/div>\n<\/div>\n<div class=\"row\" style=\"padding-top: 0px; padding-bottom: 0px;\">\n<div class=\"col-md-3 col-sm-6 col-xs-12 col-lg-3\">\n<div style=\"padding: 20% 0px; border-width: 0px; background-color: #0f0e0e;\" class=\"bg-background-color bg-box\">\n<p class=\"h4 color4-color\" style=\"text-align: center; border-width: 0px;\"><strong>#3<\/strong><\/p>\n<p class=\"color4-color\" style=\"text-align: center; border-width: 0px;\"><a title=\"Special 3\" href=\"https:\/\/gafaslluquets.com\/en\/special-3\/\">See more<\/a><\/p>\n<\/div>\n<\/div>\n<div class=\"col-md-3 col-sm-6 col-xs-12 align-column-center col-lg-3\">\n<p class=\"mod-reset\"><a title=\"Special 3\" href=\"https:\/\/gafaslluquets.com\/en\/special-3\/\"><img loading=\"lazy\" decoding=\"async\" class=\"bg-img wp-image-284 bg-img-rounded bg-img-border-thin aligncenter\" src=\"https:\/\/gafaslluquets.com\/wp-content\/uploads\/2022\/12\/special-3-300x242.jpg\" alt=\"\" width=\"270\" height=\"218\" srcset=\"\" sizes=\"auto, (max-width: 270px) 100vw, 270px\" data-srcset=\"\" \/><\/a><\/p>\n<\/div>\n<div class=\"col-md-3 col-sm-6 col-xs-12 col-lg-3\">\n<div style=\"padding: 20% 0px; border-width: 0px; background-color: #0f0f0f;\" class=\"bg-background-color bg-box\">\n<p class=\"h4 color2-color\" style=\"text-align: center; border-width: 0px;\"><strong>#4<\/strong><\/p>\n<p class=\"color2-color\" style=\"text-align: center; border-width: 0px;\"><a title=\"Special 4\" href=\"https:\/\/gafaslluquets.com\/en\/special-4\/\">See more<\/a><\/p>\n<\/div>\n<\/div>\n<div class=\"col-md-3 col-sm-6 col-xs-12 align-column-center col-lg-3\">\n<p class=\"\" style=\"text-align: center;\"><a title=\"Special 4\" href=\"https:\/\/gafaslluquets.com\/en\/special-4\/\"><img loading=\"lazy\" decoding=\"async\" class=\"alignnone wp-image-283 bg-img bg-img-rounded bg-img-border-thin\" src=\"https:\/\/gafaslluquets.com\/wp-content\/uploads\/2022\/12\/special-4-300x222.jpg\" alt=\"\" width=\"270\" height=\"199\" srcset=\"\" sizes=\"auto, (max-width: 270px) 100vw, 270px\" data-srcset=\"\" \/><\/a><a href=\"https:\/\/gafaslluquets.com\/wp-content\/uploads\/2022\/12\/LLUQUETS8287.tif\"><img decoding=\"async\" class=\"bg-img alignnone wp-image-202 size-full\" src=\"https:\/\/gafaslluquets.com\/wp-content\/uploads\/2022\/12\/LLUQUETS8287.tif\" alt=\"\"><\/a><\/p>\n<\/div>\n<\/div>\n<div class=\"row\" style=\"padding-top: 0px; padding-bottom: 0px;\">\n<div class=\"col-md-3 col-sm-6 col-xs-12 col-lg-3\">\n<div style=\"padding: 20% 0px; border-width: 0px; background-color: #0f0e0e;\" class=\"bg-background-color bg-box\">\n<p class=\"h4 color2-color\" style=\"text-align: center; border-width: 0px;\"><strong>#5<\/strong><\/p>\n<p class=\"color2-color\" style=\"text-align: center; border-width: 0px;\"><a title=\"Special 5\" href=\"https:\/\/gafaslluquets.com\/en\/special-5\/\">See more<\/a><\/p>\n<\/div>\n<\/div>\n<div class=\"col-md-3 col-sm-6 col-xs-12 align-column-center col-lg-3\">\n<p class=\"mod-reset\"><a title=\"Special 5\" href=\"https:\/\/gafaslluquets.com\/en\/special-5\/\"><img loading=\"lazy\" decoding=\"async\" class=\"bg-img wp-image-290 size-medium bg-img-rounded bg-img-border-thin aligncenter\" src=\"https:\/\/gafaslluquets.com\/wp-content\/uploads\/2022\/12\/special-5-300x242.jpg\" alt=\"\" width=\"300\" height=\"242\" srcset=\"\" sizes=\"auto, (max-width: 300px) 100vw, 300px\" data-srcset=\"\" \/><\/a><\/p>\n<\/div>\n<div class=\"col-md-3 col-sm-6 col-xs-12 col-lg-3\">\n<div style=\"padding: 20% 0px; border-width: 0px; background-color: #0f0e0e;\" class=\"bg-background-color bg-box\">\n<p class=\"h4 color2-color\" style=\"text-align: center; border-width: 0px;\"><strong>#6<\/strong><\/p>\n<p class=\"\" style=\"text-align: center;\"><a class=\"color2-color\" style=\"border-width: 0px;\" title=\"Special 6\" href=\"https:\/\/gafaslluquets.com\/en\/special-6\/\">See more<\/a><\/p>\n<\/div>\n<\/div>\n<div class=\"col-md-3 col-sm-6 col-xs-12 align-column-center col-lg-3\">\n<p class=\"\" style=\"text-align: center;\"><a title=\"Special 6\" href=\"https:\/\/gafaslluquets.com\/en\/special-6\/\"><img loading=\"lazy\" decoding=\"async\" class=\"wp-image-289 size-medium bg-img bg-img-rounded bg-img-border-thin aligncenter\" src=\"https:\/\/gafaslluquets.com\/wp-content\/uploads\/2022\/12\/Special-6-300x242.jpg\" alt=\"\" width=\"300\" height=\"242\" srcset=\"\" sizes=\"auto, (max-width: 300px) 100vw, 300px\" data-srcset=\"\" \/><\/a><a href=\"https:\/\/gafaslluquets.com\/wp-content\/uploads\/2022\/12\/LLUQUETS8287.tif\"><img decoding=\"async\" class=\"bg-img alignnone wp-image-202 size-full\" src=\"https:\/\/gafaslluquets.com\/wp-content\/uploads\/2022\/12\/LLUQUETS8287.tif\" alt=\"\"><\/a><\/p>\n<\/div>\n<\/div>\n<div class=\"row\" style=\"padding-top: 0px; padding-bottom: 100px;\">\n<div class=\"col-md-3 col-sm-6 col-xs-12 col-lg-3\">\n<div style=\"padding: 20% 0px; border-width: 0px; background-color: #0f0e0e;\" class=\"bg-background-color bg-box\">\n<p class=\"h4 color2-color\" style=\"text-align: center; border-width: 0px;\"><strong>#7<\/strong><\/p>\n<p class=\"color2-color\" style=\"text-align: center; border-width: 0px;\"><a title=\"Special 7\" href=\"https:\/\/gafaslluquets.com\/en\/special-7\/\">See more<\/a><\/p>\n<\/div>\n<\/div>\n<div class=\"col-md-3 col-sm-6 col-xs-12 align-column-center col-lg-3\">\n<p class=\"mod-reset\"><a title=\"Special 7\" href=\"https:\/\/gafaslluquets.com\/en\/special-7\/\"><img loading=\"lazy\" decoding=\"async\" class=\"bg-img wp-image-288 size-medium bg-img-rounded bg-img-border-thin aligncenter\" src=\"https:\/\/gafaslluquets.com\/wp-content\/uploads\/2022\/12\/Special-7-300x242.jpg\" alt=\"\" width=\"300\" height=\"242\" srcset=\"\" sizes=\"auto, (max-width: 300px) 100vw, 300px\" data-srcset=\"\" \/><\/a><\/p>\n<\/div>\n<div class=\"col-md-3 col-sm-6 col-xs-12 col-lg-3\">\n<div style=\"padding: 20% 0px; border-width: 0px; background-color: #0f0e0e;\" class=\"bg-background-color bg-box\">\n<p class=\"h4 color2-color\" style=\"text-align: center; border-width: 0px;\"><strong>#8<\/strong><\/p>\n<p class=\"\" style=\"text-align: center;\"><a class=\"color2-color\" style=\"border-width: 0px;\" title=\"Special 8\" href=\"https:\/\/gafaslluquets.com\/en\/special-8\/\">See more<\/a><\/p>\n<\/div>\n<\/div>\n<div class=\"col-md-3 col-sm-6 col-xs-12 align-column-center col-lg-3\">\n<p class=\"\" style=\"text-align: center;\"><a title=\"Special 8\" href=\"https:\/\/gafaslluquets.com\/en\/special-8\/\"><img loading=\"lazy\" decoding=\"async\" class=\"wp-image-287 size-medium bg-img bg-img-rounded bg-img-border-thin aligncenter\" src=\"https:\/\/gafaslluquets.com\/wp-content\/uploads\/2022\/12\/special-8-300x189.jpg\" alt=\"\" width=\"300\" height=\"189\" srcset=\"\" sizes=\"auto, (max-width: 300px) 100vw, 300px\" data-srcset=\"\" \/><\/a><a href=\"https:\/\/gafaslluquets.com\/wp-content\/uploads\/2022\/12\/LLUQUETS8287.tif\"><img decoding=\"async\" class=\"bg-img alignnone wp-image-202 size-full\" src=\"https:\/\/gafaslluquets.com\/wp-content\/uploads\/2022\/12\/LLUQUETS8287.tif\" alt=\"\"><\/a><\/p>\n<\/div>\n<\/div>\n<\/div>\n<\/div>","protected":false},"excerpt":{"rendered":"<p>Coleccion Especial 1 &nbsp; Collecion especial #1 Ver m\u00e1s #2 Ver m\u00e1s #3 Ver m\u00e1s #4 Ver m\u00e1s #5 Ver m\u00e1s #6 Ver m\u00e1s #7 Ver m\u00e1s #8 Ver m\u00e1s<\/p>","protected":false},"author":1,"featured_media":0,"parent":0,"menu_order":0,"comment_status":"closed","ping_status":"closed","template":"","meta":{"bgseo_title":"","bgseo_description":"","bgseo_robots_index":"index","bgseo_robots_follow":"follow","crio-premium-page-header-override":null,"crio-premium-page-header-select":"none","crio-premium-page-header-featured-image-background":"0","crio-premium-page-header-background":"","_monsterinsights_skip_tracking":false,"_monsterinsights_sitenote_active":false,"_monsterinsights_sitenote_note":"","_monsterinsights_sitenote_category":0,"two_page_speed":{"current_score":{"desktop_score":92,"desktop_tti":"0.6\u00a0","mobile_score":90,"mobile_tti":"2.5\u00a0","date":"02.01.2025 01:45:25 pm","status":"completed"}},"footnotes":""},"class_list":["post-277","page","type-page","status-publish"],"aioseo_notices":[],"_links":{"self":[{"href":"https:\/\/gafaslluquets.com\/en\/wp-json\/wp\/v2\/pages\/277","targetHints":{"allow":["GET"]}}],"collection":[{"href":"https:\/\/gafaslluquets.com\/en\/wp-json\/wp\/v2\/pages"}],"about":[{"href":"https:\/\/gafaslluquets.com\/en\/wp-json\/wp\/v2\/types\/page"}],"author":[{"embeddable":true,"href":"https:\/\/gafaslluquets.com\/en\/wp-json\/wp\/v2\/users\/1"}],"replies":[{"embeddable":true,"href":"https:\/\/gafaslluquets.com\/en\/wp-json\/wp\/v2\/comments?post=277"}],"version-history":[{"count":1,"href":"https:\/\/gafaslluquets.com\/en\/wp-json\/wp\/v2\/pages\/277\/revisions"}],"predecessor-version":[{"id":855,"href":"https:\/\/gafaslluquets.com\/en\/wp-json\/wp\/v2\/pages\/277\/revisions\/855"}],"wp:attachment":[{"href":"https:\/\/gafaslluquets.com\/en\/wp-json\/wp\/v2\/media?parent=277"}],"curies":[{"name":"wp","href":"https:\/\/api.w.org\/{rel}","templated":true}]}}