{"id":404,"date":"2022-12-22T09:55:48","date_gmt":"2022-12-22T09:55:48","guid":{"rendered":"https:\/\/gafaslluquets.com\/?page_id=404"},"modified":"2025-01-04T21:03:10","modified_gmt":"2025-01-04T21:03:10","slug":"special-7","status":"publish","type":"page","link":"https:\/\/gafaslluquets.com\/en\/special-7\/","title":{"rendered":"Special 7"},"content":{"rendered":"<div class=\"boldgrid-slider boldgrid-section-wrap hidden-xs\" data-config=\"{&quot;arrows&quot;:false,&quot;autoplay&quot;:false,&quot;autoplaySpeed&quot;:&quot;10&quot;,&quot;dots&quot;:false,&quot;infinite&quot;:false,&quot;bgOptions&quot;:{&quot;arrowsPos&quot;:&quot;standard&quot;,&quot;arrowsOverlay&quot;:true,&quot;arrowsBgColor&quot;:&quot;#1a1a1a&quot;,&quot;arrowsIcon&quot;:&quot;angle&quot;,&quot;arrowsSize&quot;:&quot;30&quot;,&quot;dotsPos&quot;:&quot;bottom&quot;,&quot;dotsOverlay&quot;:false,&quot;dotsColor&quot;:&quot;#000000&quot;,&quot;dotsSize&quot;:&quot;50&quot;},&quot;colors&quot;:{&quot;arrowsBG&quot;:{&quot;type&quot;:&quot;color&quot;,&quot;value&quot;:&quot;#1a1a1a&quot;,&quot;text&quot;:&quot;#ffffff&quot;},&quot;dotsColor&quot;:{&quot;type&quot;:&quot;color&quot;,&quot;value&quot;:&quot;#000000&quot;,&quot;text&quot;:&quot;#ffffff&quot;}}}\">\n<div class=\"boldgrid-section\" style=\"width: 100%; display: inline-block; border-width: 0px; background-image: url('https:\/\/gafaslluquets.com\/wp-content\/uploads\/2022\/12\/Special-7.jpg'); background-size: cover; background-position: 50% 22%;\" data-image-url=\"https:\/\/gafaslluquets.com\/wp-content\/uploads\/2022\/12\/Special-7.jpg\">\n<div class=\"container\">\n<div class=\"row hidden-xs\" style=\"padding-top: 626px; padding-bottom: 0px; border-width: 0px;\">\n<div class=\"col-md-12 col-xs-12 col-sm-12 col-lg-12\">\n<p class=\"\">&nbsp;<\/p>\n<\/div>\n<\/div>\n<div class=\"row\" style=\"padding-top: 0px; padding-bottom: 80px;\"><\/div>\n<\/div>\n<\/div>\n<div class=\"boldgrid-section\" style=\"width: 100%; display: inline-block;\">\n<div class=\"container\">\n<div class=\"row\" style=\"padding-top: 50px; padding-bottom: 10px;\">\n<div class=\"col-md-12 col-xs-12 col-sm-12 col-lg-12\">\n<p><img decoding=\"async\" style=\"width: 100%;\" src=\"https:\/\/via.placeholder.com\/800x200?text=Image\"><\/p>\n<\/div>\n<\/div>\n<div class=\"row\" style=\"padding-top: 10px; padding-bottom: 50px;\">\n<div class=\"col-md-4 col-xs-12 col-sm-12 col-lg-4\">\n<h3>Sub Heading 4<\/h3>\n<p>Generate custom solutions with the possibility to create synergy. Amplify outside the box thinking yet be on brand.<\/p>\n<p><a tabindex=\"-1\" href=\"#\">Link 4<\/a><\/p>\n<\/div>\n<div class=\"col-md-4 col-sm-12 col-xs-12 col-lg-4\">\n<h3>Sub Heading 5<\/h3>\n<p>Demonstrating sprints in order to innovate. Build innovation to innovate. Drive outside the box thinking and try to think outside the box.<\/p>\n<p><a tabindex=\"-1\" href=\"#\">Link 5<\/a><\/p>\n<\/div>\n<div class=\"col-md-4 col-sm-12 col-xs-12 col-lg-4\">\n<h3>Sub Heading 6<\/h3>\n<p>Leverage cloud computing but funnel users. Repurposing stakeholder management yet think outside the box. Grow core competencies with a goal to re-target key demographics.<\/p>\n<p><a tabindex=\"-1\" href=\"#\">Link 6<\/a><\/p>\n<\/div>\n<\/div>\n<\/div>\n<\/div>\n<div class=\"boldgrid-section\" style=\"width: 100%; display: inline-block;\">\n<div class=\"container\">\n<div class=\"row\" style=\"padding-top: 50px; padding-bottom: 10px;\">\n<div class=\"col-md-12 col-xs-12 col-sm-12 col-lg-12\">\n<p><img decoding=\"async\" style=\"width: 100%;\" src=\"https:\/\/via.placeholder.com\/800x200?text=Image\"><\/p>\n<\/div>\n<\/div>\n<div class=\"row\" style=\"padding-top: 10px; padding-bottom: 50px;\">\n<div class=\"col-md-4 col-xs-12 col-sm-12 col-lg-4\">\n<h3>Sub Heading 7<\/h3>\n<p>Generate custom solutions with the possibility to create synergy. Amplify outside the box thinking yet be on brand.<\/p>\n<p><a tabindex=\"-1\" href=\"#\">Link 7<\/a><\/p>\n<\/div>\n<div class=\"col-md-4 col-sm-12 col-xs-12 col-lg-4\">\n<h3>Sub Heading 8<\/h3>\n<p>Demonstrating sprints in order to innovate. Build innovation to innovate. Drive outside the box thinking and try to think outside the box.<\/p>\n<p><a tabindex=\"-1\" href=\"#\">Link 8<\/a><\/p>\n<\/div>\n<div class=\"col-md-4 col-sm-12 col-xs-12 col-lg-4\">\n<h3>Sub Heading 9<\/h3>\n<p>Leverage cloud computing but funnel users. Repurposing stakeholder management yet think outside the box. Grow core competencies with a goal to re-target key demographics.<\/p>\n<p><a tabindex=\"-1\" href=\"#\">Link 9<\/a><\/p>\n<\/div>\n<\/div>\n<\/div>\n<\/div>\n<\/div>\n<div class=\"tmpl-text-16 boldgrid-section dynamic-gridblock\" style=\"border-width: 0px; background-color: #0f0e0e;\">\n<div class=\"container\">\n<div class=\"row hidden-sm hidden-md hidden-lg\" style=\"border-width: 0px;\">\n<div class=\"col-lg-12 col-md-12 col-xs-12 col-sm-12\">\n<div class=\"boldgrid-wrap-row boldgrid-slider\" data-config=\"{&quot;arrows&quot;:false,&quot;autoplay&quot;:false,&quot;autoplaySpeed&quot;:10,&quot;adaptiveHeight&quot;:true,&quot;dots&quot;:true,&quot;swipe&quot;:true,&quot;infinite&quot;:true,&quot;colors&quot;:{&quot;dotsColor&quot;:{&quot;type&quot;:&quot;color&quot;,&quot;value&quot;:&quot;#000000&quot;},&quot;arrowsBG&quot;:{&quot;type&quot;:&quot;color&quot;,&quot;value&quot;:&quot;#1a1a1a&quot;,&quot;text&quot;:&quot;#FFFFFF&quot;}},&quot;bgOptions&quot;:{&quot;arrowsPos&quot;:&quot;standard&quot;,&quot;arrowsSize&quot;:&quot;30&quot;,&quot;arrowsDesign&quot;:&quot;square&quot;,&quot;arrowsOverlay&quot;:true,&quot;arrowsIcon&quot;:&quot;angle-double&quot;,&quot;arrowsBgColor&quot;:&quot;#1a1a1a&quot;,&quot;dotsPos&quot;:&quot;bottom&quot;,&quot;dotsSize&quot;:&quot;50&quot;,&quot;dotsOverlay&quot;:false,&quot;dotsColor&quot;:&quot;#000000&quot;}}\">\n<div class=\"row\" style=\"width: 100%; display: inline-block;\">\n<div class=\"col-md-12 col-sm-12 col-xs-12 col-lg-12\">\n<div class=\"text-center\">\n<p><a tabindex=\"0\" href=\"https:\/\/gafaslluquets.com\/wp-content\/uploads\/2022\/12\/Special-7.jpg\"><img loading=\"lazy\" decoding=\"async\" class=\"alignnone wp-image-288 size-medium\" style=\"border-width: 0px;\" src=\"https:\/\/gafaslluquets.com\/wp-content\/uploads\/2022\/12\/Special-7-300x242.jpg\" alt=\"\" width=\"300\" height=\"242\" srcset=\"\" sizes=\"auto, (max-width: 300px) 100vw, 300px\" data-srcset=\"\" \/><\/a><\/p>\n<p style=\"margin-bottom: 0;\">&nbsp;<\/p>\n<\/div>\n<\/div>\n<\/div>\n<\/div>\n<\/div>\n<\/div>\n<div class=\"row hidden-md hidden-lg\" style=\"padding-top: 0px; padding-bottom: 0px; border-width: 0px;\">\n<p>&nbsp;<\/p>\n<h2 class=\"\"><img loading=\"lazy\" decoding=\"async\" class=\"aligncenter wp-image-292 size-medium\" style=\"border-width: 0px;\" src=\"https:\/\/gafaslluquets.com\/wp-content\/uploads\/2022\/12\/53_0_300_224.77341389728_Special-4-accesories-768x496.jpg\" alt=\"\" width=\"300\" height=\"224\"><\/h2>\n<\/div>\n<p class=\"\">&nbsp;<\/p>\n<\/div>\n<\/div>\n<div class=\"tmpl-about-11 boldgrid-section dynamic-gridblock background-fixed\" style=\"color: #1d1d1d; border-width: 0px; background-color: #0f0e0e;\">\n<div class=\"container-fluid\">\n<div class=\"row\">\n<div class=\"col-md-1 col-sm-2 col-xs-12 col-lg-1\"><\/div>\n<div class=\"col-md-5 col-sm-10 col-xs-12 col-lg-5\" style=\"padding: 3em; border-width: 0px;\">\n<h2 class=\"color2-color\" style=\"border-width: 0px;\">#7<\/h2>\n<p class=\"color2-color\" style=\"border-width: 0px;\">Todos los modelos est\u00e1n realizados con chapa de maderas naturales de roble(de color marr\u00f3n claro a medio), nogal (de color marr\u00f3n oscuro), cerezo (de color rojizo) y fresno(esencialmente de color claro), algunas con distintas combinaciones entre ellas.<\/p>\n<p class=\"color2-color\" style=\"border-width: 0px;\">All the glasses have their own Mallorcan-inspired \u201cTela de lenguas\u201d box and bag.<\/p>\n<p class=\"\" style=\"margin-top: 30px;\"><a class=\"btn btn-raised btn-rounded btn-color-1\" title=\"Special 7\" href=\"https:\/\/gafaslluquets.com\/en\/contact-us\/\">Get an offer<\/a><\/p>\n<\/div>\n<div class=\"col-md-3 col-sm-6 col-xs-12 wow fadeInRight color3-background-color color-3-text-contrast bg-background-color col-lg-6 hidden-xs hidden-sm\" data-wow-duration=\"1s\" data-wow-delay=\"2s\" style=\"border-width: 0px; background-image: url('https:\/\/gafaslluquets.com\/wp-content\/uploads\/2022\/12\/Special-4-accesories.jpg'); background-size: cover; background-position: 50% 50%;\" data-image-url=\"https:\/\/gafaslluquets.com\/wp-content\/uploads\/2022\/12\/Special-4-accesories.jpg\">\n<p class=\"\">&nbsp;<\/p>\n<\/div>\n<\/div>\n<\/div>\n<\/div>","protected":false},"excerpt":{"rendered":"<p>&nbsp; Sub Heading 4 Generate custom solutions with the possibility to create synergy. Amplify outside the box thinking yet be on brand. Link 4 Sub Heading 5 Demonstrating sprints in<\/p>\n<div class=\"read-more\"><a class=\"btn button-secondary\" href=\"https:\/\/gafaslluquets.com\/en\/special-7\/\">Read More<\/a><\/div>","protected":false},"author":1,"featured_media":0,"parent":0,"menu_order":0,"comment_status":"closed","ping_status":"closed","template":"","meta":{"bgseo_title":"","bgseo_description":"","bgseo_robots_index":"index","bgseo_robots_follow":"follow","crio-premium-page-header-override":null,"crio-premium-page-header-select":"none","crio-premium-page-header-featured-image-background":"","crio-premium-page-header-background":"","_monsterinsights_skip_tracking":false,"_monsterinsights_sitenote_active":false,"_monsterinsights_sitenote_note":"","_monsterinsights_sitenote_category":0,"two_page_speed":{"current_score":{"desktop_score":98,"desktop_tti":"0.5\u00a0","mobile_score":97,"mobile_tti":"2.0\u00a0","date":"07.12.2024 10:25:55 pm","status":"error_no_score"}},"footnotes":""},"class_list":["post-404","page","type-page","status-publish"],"aioseo_notices":[],"_links":{"self":[{"href":"https:\/\/gafaslluquets.com\/en\/wp-json\/wp\/v2\/pages\/404","targetHints":{"allow":["GET"]}}],"collection":[{"href":"https:\/\/gafaslluquets.com\/en\/wp-json\/wp\/v2\/pages"}],"about":[{"href":"https:\/\/gafaslluquets.com\/en\/wp-json\/wp\/v2\/types\/page"}],"author":[{"embeddable":true,"href":"https:\/\/gafaslluquets.com\/en\/wp-json\/wp\/v2\/users\/1"}],"replies":[{"embeddable":true,"href":"https:\/\/gafaslluquets.com\/en\/wp-json\/wp\/v2\/comments?post=404"}],"version-history":[{"count":1,"href":"https:\/\/gafaslluquets.com\/en\/wp-json\/wp\/v2\/pages\/404\/revisions"}],"predecessor-version":[{"id":896,"href":"https:\/\/gafaslluquets.com\/en\/wp-json\/wp\/v2\/pages\/404\/revisions\/896"}],"wp:attachment":[{"href":"https:\/\/gafaslluquets.com\/en\/wp-json\/wp\/v2\/media?parent=404"}],"curies":[{"name":"wp","href":"https:\/\/api.w.org\/{rel}","templated":true}]}}