{"id":582,"date":"2023-01-05T09:50:36","date_gmt":"2023-01-05T09:50:36","guid":{"rendered":"https:\/\/gafaslluquets.com\/?page_id=582"},"modified":"2025-01-02T13:44:19","modified_gmt":"2025-01-02T13:44:19","slug":"formentor","status":"publish","type":"page","link":"https:\/\/gafaslluquets.com\/en\/formentor\/","title":{"rendered":"Formentor"},"content":{"rendered":"<div class=\"tmpl-call_to_action-4 boldgrid-section dynamic-gridblock background-scroll hidden-xs hidden-sm\" style=\"border-width: 0px; background-image: url('https:\/\/gafaslluquets.com\/wp-content\/uploads\/2023\/01\/shutterstock_1814888624-scaled.jpg'); background-size: cover; background-position: 50% 36%;\" data-image-url=\"https:\/\/gafaslluquets.com\/wp-content\/uploads\/2023\/01\/shutterstock_1814888624-scaled.jpg\">\n<div class=\"container\">\n<div class=\"row\">\n<div class=\"col-md-4 col-sm-6 col-xs-10 col-lg-2 color-2-text-contrast color2-background-color\" style=\"border-width: 0px;\">\n<div class=\"bg-box-cover bg-background-color bg-box\" style=\"padding: 85px 10%; background-color: rgba(225, 235, 237, 0.8); color: #1d1d1d;\">\n<h2 class=\"h1\" style=\"margin: 30px 0px; border-width: 0px; font-size: 21px;\">Formentor<\/h2>\n<\/div>\n<\/div>\n<div class=\"col-md-8 col-sm-6 col-xs-2 col-lg-10\"><\/div>\n<\/div>\n<\/div>\n<\/div>\n<div class=\"tmpl-call_to_action-17 boldgrid-section dynamic-gridblock hidden-lg hidden-md\" style=\"border-width: 0px; background-image: url('https:\/\/gafaslluquets.com\/wp-content\/uploads\/2023\/01\/shutterstock_1814888624-scaled.jpg'); background-size: cover; background-position: 50% 80%;\" data-image-url=\"https:\/\/gafaslluquets.com\/wp-content\/uploads\/2023\/01\/shutterstock_1814888624-scaled.jpg\">\n<div class=\"container-fluid\">\n<div class=\"row bounceInDown\" style=\"padding-top: 350px;\">\n<div class=\"col-md-1 col-sm-1 col-xs-12 col-lg-1\"><\/div>\n<div class=\"col-md-3 col-sm-3 col-xs-12 col-lg-3\"><\/div>\n<div class=\"col-md-4 col-sm-4 col-xs-12 align-column-stretch col-lg-4\">\n<div class=\"bg-box-cover bg-background-color bg-box color-1-text-contrast color1-background-color\" style=\"padding: 2em; z-index: 1; position: relative; margin-top: 50px; margin-bottom: -50px; border-width: 0px;\">\n<h2 class=\"\" style=\"margin-top: 0; text-transform: uppercase;\">Formentor<\/h2>\n<\/div>\n<\/div>\n<div class=\"col-lg-4 col-md-4 col-sm-12 col-xs-12\"><\/div>\n<\/div>\n<\/div>\n<\/div>\n<div class=\"tmpl-media-13 boldgrid-section dynamic-gridblock bg-alpha-523\" style=\"border-width: 0px; background-size: auto; background-repeat: repeat; background-image: url('https:\/\/gafaslluquets.com\/wp-content\/plugins\/post-and-page-builder\/assets\/image\/patterns\/arches.png'); background-color: rgba(59, 189, 174, 0.98);\" data-alpha=\"0.85\" data-bg-uuid=\"bg-alpha-523\">\n<div class=\"container\">\n<div class=\"row\" style=\"padding-top: 20px; padding-bottom: 20px;\">\n<div class=\"col-md-12 col-sm-12 col-xs-12 col-lg-6 wow fadeInLeft\" style=\"border-width: 0px;\" data-wow-duration=\"1s\" data-wow-delay=\"1s\">\n<div style=\"border-width: 0px;\" class=\"\">\n<div class=\"wp-playlist wp-video-playlist wp-playlist-light\">\n\t\t<video controls=\"controls\" preload=\"none\" width=\"640\"\n\t\t height=\"360\"\t><\/video>\n\t<div class=\"wp-playlist-next\"><\/div>\n\t<div class=\"wp-playlist-prev\"><\/div>\n\t<noscript>\n\t<ol>\n\t\t<li><a href='https:\/\/gafaslluquets.com\/wp-content\/uploads\/2023\/01\/LLUQUETS_WEB.mp4'>LLUQUETS_WEB<\/a><\/li>\t<\/ol>\n\t<\/noscript>\n\t<script type=\"application\/json\" class=\"wp-playlist-script\">{\"type\":\"video\",\"tracklist\":false,\"tracknumbers\":true,\"images\":true,\"artists\":true,\"tracks\":[{\"src\":\"https:\/\/gafaslluquets.com\/wp-content\/uploads\/2023\/01\/LLUQUETS_WEB.mp4\",\"type\":\"video\/mp4\",\"title\":\"LLUQUETS_WEB\",\"caption\":\"\",\"description\":\"\",\"meta\":{\"length_formatted\":\"1:37\"},\"dimensions\":{\"original\":{\"width\":1280,\"height\":720},\"resized\":{\"width\":640,\"height\":360}},\"image\":{\"src\":\"https:\/\/gafaslluquets.com\/wp-includes\/images\/media\/video.svg\",\"width\":48,\"height\":64},\"thumb\":{\"src\":\"https:\/\/gafaslluquets.com\/wp-includes\/images\/media\/video.svg\",\"width\":48,\"height\":64}}]}<\/script>\n<\/div>\n\t\n<\/div>\n<\/div>\n<div class=\"col-lg-2 col-md-3 col-sm-12 col-xs-12\">\n<h3 class=\"\">&nbsp;<\/h3>\n<h3 class=\"\" style=\"text-align: center; border-width: 0px; font-size: 21px;\"><strong>M-018<\/strong><\/h3>\n<p class=\"color-neutral-color\" style=\"text-align: center; border-width: 0px; color: rgba(255, 255, 255, 0);\"><a title=\"Formentor-M-018\" href=\"https:\/\/gafaslluquets.com\/en\/formentor-m-018\/\">See more<\/a><\/p>\n<\/div>\n<div class=\"col-md-3 col-sm-6 col-xs-12 align-column-center col-lg-4\">\n<p class=\"mod-reset\"><a title=\"Formentor-M-018\" href=\"https:\/\/gafaslluquets.com\/en\/formentor-m-018\/\"><img loading=\"lazy\" decoding=\"async\" class=\"bg-img bg-img-3 wp-image-583 aligncenter\" src=\"https:\/\/gafaslluquets.com\/wp-content\/uploads\/2023\/01\/M-018formentor.jpg\" alt=\"\" width=\"289\" height=\"193\" srcset=\"https:\/\/gafaslluquets.com\/wp-content\/uploads\/2023\/01\/M-018formentor.jpg 2244w, https:\/\/gafaslluquets.com\/wp-content\/uploads\/2023\/01\/M-018formentor-300x200.jpg 300w, https:\/\/gafaslluquets.com\/wp-content\/uploads\/2023\/01\/M-018formentor-1024x683.jpg 1024w, https:\/\/gafaslluquets.com\/wp-content\/uploads\/2023\/01\/M-018formentor-768x512.jpg 768w, https:\/\/gafaslluquets.com\/wp-content\/uploads\/2023\/01\/M-018formentor-1536x1025.jpg 1536w, https:\/\/gafaslluquets.com\/wp-content\/uploads\/2023\/01\/M-018formentor-2048x1366.jpg 2048w, https:\/\/gafaslluquets.com\/wp-content\/uploads\/2023\/01\/M-018formentor-250x167.jpg 250w, https:\/\/gafaslluquets.com\/wp-content\/uploads\/2023\/01\/M-018formentor-550x367.jpg 550w, https:\/\/gafaslluquets.com\/wp-content\/uploads\/2023\/01\/M-018formentor-800x534.jpg 800w, https:\/\/gafaslluquets.com\/wp-content\/uploads\/2023\/01\/M-018formentor-270x180.jpg 270w, https:\/\/gafaslluquets.com\/wp-content\/uploads\/2023\/01\/M-018formentor-450x300.jpg 450w, https:\/\/gafaslluquets.com\/wp-content\/uploads\/2023\/01\/M-018formentor-749x500.jpg 749w\" sizes=\"auto, (max-width: 289px) 100vw, 289px\" \/><\/a><\/p>\n<\/div>\n<\/div>\n<\/div>\n<\/div>\n<div class=\"tmpl-services-6 boldgrid-section dynamic-gridblock\" style=\"border-width: 0px; background-size: auto; background-repeat: repeat; background-image: url('https:\/\/gafaslluquets.com\/wp-content\/plugins\/post-and-page-builder\/assets\/image\/patterns\/arches.png'); background-color: rgba(33, 190, 177, 0.95);\" data-alpha=\"0.69\">\n<div class=\"container\">\n<div class=\"row\" style=\"padding-top: 69px; padding-bottom: 0px;\">\n<div class=\"col-md-3 col-sm-6 col-xs-12 col-lg-2\">\n<p class=\"\">&nbsp;<\/p>\n<p class=\"color-neutral-color\" style=\"text-align: center; border-width: 0px; font-size: 21px;\"><strong>M-019<\/strong><\/p>\n<p class=\"color-neutral-color\" style=\"text-align: center; border-width: 0px; color: rgba(255, 255, 255, 0);\"><a title=\"Formentor-M-019\" href=\"https:\/\/gafaslluquets.com\/en\/formentor-m-19\/\">See more<\/a><\/p>\n<\/div>\n<div class=\"col-md-3 col-sm-6 col-xs-12 align-column-center col-lg-4\">\n<p class=\"\" style=\"text-align: center;\"><a title=\"Formentor-M-019\" href=\"https:\/\/gafaslluquets.com\/en\/formentor-m-19\/\"><img loading=\"lazy\" decoding=\"async\" class=\"bg-img wp-image-585 bg-img-3 aligncenter\" src=\"https:\/\/gafaslluquets.com\/wp-content\/uploads\/2023\/01\/M-019-300x200.jpg\" alt=\"\" width=\"291\" height=\"194\" srcset=\"\" sizes=\"auto, (max-width: 291px) 100vw, 291px\" data-srcset=\"\" \/><\/a><a href=\"https:\/\/gafaslluquets.com\/wp-content\/uploads\/2022\/12\/LLUQUETS8287.tif\"><img decoding=\"async\" class=\"bg-img alignnone wp-image-202 size-full\" src=\"https:\/\/gafaslluquets.com\/wp-content\/uploads\/2022\/12\/LLUQUETS8287.tif\" alt=\"\"><\/a><\/p>\n<\/div>\n<div class=\"col-md-3 col-sm-6 col-xs-12 col-lg-2\">\n<p>&nbsp;<\/p>\n<p class=\"color-neutral-color\" style=\"text-align: center; border-width: 0px; font-size: 21px;\"><strong>M-020<\/strong><\/p>\n<p class=\"color-neutral-color\" style=\"text-align: center; border-width: 0px;\"><a title=\"Formentor-M-020\" href=\"https:\/\/gafaslluquets.com\/en\/formentor-m-020\/\">See more<\/a><\/p>\n<\/div>\n<div class=\"col-md-3 col-sm-6 col-xs-12 align-column-center col-lg-4\">\n<p class=\"mod-reset\"><a title=\"Formentor-M-020\" href=\"https:\/\/gafaslluquets.com\/en\/formentor-m-020\/\"><img loading=\"lazy\" decoding=\"async\" class=\"bg-img aligncenter wp-image-584 bg-img-3\" src=\"https:\/\/gafaslluquets.com\/wp-content\/uploads\/2023\/01\/M-020-300x200.jpg\" alt=\"\" width=\"290\" height=\"193\" srcset=\"\" sizes=\"auto, (max-width: 290px) 100vw, 290px\" data-srcset=\"\" \/><\/a><\/p>\n<\/div>\n<\/div>\n<div class=\"row\" style=\"padding-top: 0px; padding-bottom: 0px;\">\n<div class=\"col-md-3 col-sm-6 col-xs-12 col-lg-2\">\n<p class=\"\">&nbsp;<\/p>\n<p class=\"color-neutral-color\" style=\"text-align: center; border-width: 0px; font-size: 21px;\"><strong>M-021<\/strong><\/p>\n<p class=\"color-neutral-color\" style=\"text-align: center; border-width: 0px;\"><a title=\"Formentor-M-021\" href=\"https:\/\/gafaslluquets.com\/en\/formentor-m-021\/\">See more<\/a><\/p>\n<p class=\"\">&nbsp;<\/p>\n<\/div>\n<div class=\"col-md-3 col-sm-6 col-xs-12 align-column-center col-lg-4\">\n<p class=\"\" style=\"text-align: center;\"><a title=\"Formentor-M-021\" href=\"https:\/\/gafaslluquets.com\/en\/formentor-m-021\/\"><img loading=\"lazy\" decoding=\"async\" class=\"bg-img alignnone wp-image-586 size-medium bg-img-3 aligncenter\" src=\"https:\/\/gafaslluquets.com\/wp-content\/uploads\/2023\/01\/M-021-300x200.jpg\" alt=\"\" width=\"300\" height=\"200\" srcset=\"\" sizes=\"auto, (max-width: 300px) 100vw, 300px\" data-srcset=\"\" \/><\/a><a href=\"https:\/\/gafaslluquets.com\/wp-content\/uploads\/2022\/12\/LLUQUETS8287.tif\"><img decoding=\"async\" class=\"bg-img alignnone wp-image-202 size-full\" src=\"https:\/\/gafaslluquets.com\/wp-content\/uploads\/2022\/12\/LLUQUETS8287.tif\" alt=\"\"><\/a><\/p>\n<\/div>\n<div class=\"col-md-3 col-sm-6 col-xs-12 col-lg-2\">\n<p class=\"\">&nbsp;<\/p>\n<p class=\"color-neutral-color\" style=\"text-align: center; border-width: 0px; font-size: 21px;\"><strong>M-023<\/strong><\/p>\n<p class=\"color-neutral-color\" style=\"text-align: center; border-width: 0px;\"><a title=\"Formentor-M-023\" href=\"https:\/\/gafaslluquets.com\/en\/formentor-m-023\/\">See more<\/a><\/p>\n<\/div>\n<div class=\"col-md-3 col-sm-6 col-xs-12 align-column-center col-lg-4\">\n<p class=\"mod-reset\"><img loading=\"lazy\" decoding=\"async\" class=\"bg-img alignnone wp-image-595 size-medium bg-img-3 aligncenter\" src=\"https:\/\/gafaslluquets.com\/wp-content\/uploads\/2023\/01\/M-023-300x200.jpg\" alt=\"\" width=\"300\" height=\"200\" srcset=\"\" sizes=\"auto, (max-width: 300px) 100vw, 300px\" data-srcset=\"\" \/><\/p>\n<\/div>\n<\/div>\n<div class=\"row\" style=\"padding-top: 0px; padding-bottom: 0px;\">\n<div class=\"col-md-3 col-sm-6 col-xs-12 col-lg-2\">\n<p class=\"\">&nbsp;<\/p>\n<p class=\"color-neutral-color\" style=\"text-align: center; border-width: 0px; font-size: 21px;\"><strong>M-024<\/strong><\/p>\n<p class=\"color-neutral-color\" style=\"text-align: center; border-width: 0px;\"><a title=\"Formentor-M-024\" href=\"https:\/\/gafaslluquets.com\/en\/formentor-m-024\/\">See more<\/a><\/p>\n<\/div>\n<div class=\"col-md-3 col-sm-6 col-xs-12 align-column-center col-lg-4\">\n<p class=\"\" style=\"text-align: center;\"><a title=\"Formentor-M-024\" href=\"https:\/\/gafaslluquets.com\/en\/formentor-m-024\/\"><img loading=\"lazy\" decoding=\"async\" class=\"bg-img aligncenter wp-image-589 size-medium bg-img-3\" src=\"https:\/\/gafaslluquets.com\/wp-content\/uploads\/2023\/01\/M-024-300x200.jpg\" alt=\"\" width=\"300\" height=\"200\" srcset=\"\" sizes=\"auto, (max-width: 300px) 100vw, 300px\" data-srcset=\"\" \/><\/a><a href=\"https:\/\/gafaslluquets.com\/wp-content\/uploads\/2022\/12\/LLUQUETS8287.tif\"><img decoding=\"async\" class=\"bg-img alignnone wp-image-202 size-full\" src=\"https:\/\/gafaslluquets.com\/wp-content\/uploads\/2022\/12\/LLUQUETS8287.tif\" alt=\"\"><\/a><\/p>\n<\/div>\n<div class=\"col-md-3 col-sm-6 col-xs-12 col-lg-2\">\n<p>&nbsp;<\/p>\n<p class=\"color-neutral-color\" style=\"text-align: center; border-width: 0px; font-size: 21px;\"><strong>M-026<\/strong><\/p>\n<p class=\"color-neutral-color\" style=\"text-align: center; border-width: 0px;\"><a title=\"Formentor-M-026\" href=\"https:\/\/gafaslluquets.com\/en\/formentor-m-025\/\">See more<\/a><\/p>\n<\/div>\n<div class=\"col-md-3 col-sm-6 col-xs-12 align-column-center col-lg-4\">\n<p class=\"mod-reset\"><a title=\"Formentor-M-026\" href=\"https:\/\/gafaslluquets.com\/en\/formentor-m-025\/\"><img loading=\"lazy\" decoding=\"async\" class=\"bg-img aligncenter wp-image-596 size-medium bg-img-3\" src=\"https:\/\/gafaslluquets.com\/wp-content\/uploads\/2023\/01\/M-026-300x200.jpg\" alt=\"\" width=\"300\" height=\"200\" srcset=\"\" sizes=\"auto, (max-width: 300px) 100vw, 300px\" data-srcset=\"\" \/><\/a><\/p>\n<\/div>\n<\/div>\n<div class=\"row\" style=\"padding-top: 0px; padding-bottom: 0px;\">\n<div class=\"col-md-3 col-sm-6 col-xs-12 col-lg-2\">\n<p>&nbsp;<\/p>\n<p class=\"color-neutral-color\" style=\"text-align: center; border-width: 0px; font-size: 21px;\"><strong>M-028<\/strong><\/p>\n<p class=\"color-neutral-color\" style=\"text-align: center; border-width: 0px;\"><a title=\"Formentor-M-028\" href=\"https:\/\/gafaslluquets.com\/en\/formentor-m-028\/\">See more<\/a><\/p>\n<p class=\"\">&nbsp;<\/p>\n<\/div>\n<div class=\"col-md-3 col-sm-6 col-xs-12 align-column-center col-lg-4\">\n<p class=\"\" style=\"text-align: center;\"><a title=\"Formentor-M-028\" href=\"https:\/\/gafaslluquets.com\/en\/formentor-m-028\/\"><img loading=\"lazy\" decoding=\"async\" class=\"bg-img aligncenter wp-image-593 size-medium bg-img-3\" src=\"https:\/\/gafaslluquets.com\/wp-content\/uploads\/2023\/01\/M-028-300x200.jpg\" alt=\"\" width=\"300\" height=\"200\" srcset=\"\" sizes=\"auto, (max-width: 300px) 100vw, 300px\" data-srcset=\"\" \/><\/a><a href=\"https:\/\/gafaslluquets.com\/wp-content\/uploads\/2022\/12\/LLUQUETS8287.tif\"><img decoding=\"async\" class=\"bg-img alignnone wp-image-202 size-full\" src=\"https:\/\/gafaslluquets.com\/wp-content\/uploads\/2022\/12\/LLUQUETS8287.tif\" alt=\"\"><\/a><\/p>\n<\/div>\n<div class=\"col-md-3 col-sm-6 col-xs-12 col-lg-2\">\n<p class=\"\">&nbsp;<\/p>\n<p class=\"color-neutral-color\" style=\"text-align: center; border-width: 0px; font-size: 21px;\"><strong>M-029<\/strong><\/p>\n<p class=\"color-neutral-color\" style=\"text-align: center; border-width: 0px;\"><a title=\"Formentor-M-029\" href=\"https:\/\/gafaslluquets.com\/en\/formentor-m-029\/\">See more<\/a><\/p>\n<\/div>\n<div class=\"col-md-3 col-sm-6 col-xs-12 align-column-center col-lg-4\">\n<p class=\"mod-reset\"><a title=\"Formentor-M-029\" href=\"https:\/\/gafaslluquets.com\/en\/formentor-m-029\/\"><img loading=\"lazy\" decoding=\"async\" class=\"bg-img bg-img-3 aligncenter wp-image-592 size-medium\" src=\"https:\/\/gafaslluquets.com\/wp-content\/uploads\/2023\/01\/M-029-300x200.jpg\" alt=\"\" width=\"300\" height=\"200\" srcset=\"\" sizes=\"auto, (max-width: 300px) 100vw, 300px\" data-srcset=\"\" \/><\/a><\/p>\n<\/div>\n<\/div>\n<div class=\"row\" style=\"padding-top: 0px; padding-bottom: 19px;\">\n<div class=\"col-md-3 col-sm-6 col-xs-12 col-lg-2\">\n<p class=\"\">&nbsp;<\/p>\n<p class=\"color-neutral-color\" style=\"text-align: center; border-width: 0px; font-size: 21px;\"><strong>M-031<\/strong><\/p>\n<p class=\"color-neutral-color\" style=\"text-align: center; border-width: 0px;\"><a title=\"Formentor-M-031\" href=\"https:\/\/gafaslluquets.com\/en\/formentor-m-031\/\">See more<\/a><\/p>\n<\/div>\n<div class=\"col-md-3 col-sm-6 col-xs-12 align-column-center col-lg-4\">\n<p class=\"\" style=\"text-align: center;\"><a title=\"Formentor-M-031\" href=\"https:\/\/gafaslluquets.com\/en\/formentor-m-031\/\"><img loading=\"lazy\" decoding=\"async\" class=\"bg-img bg-img-3 aligncenter wp-image-590 size-medium\" src=\"https:\/\/gafaslluquets.com\/wp-content\/uploads\/2023\/01\/M-029-300x200.jpg\" alt=\"\" width=\"300\" height=\"200\" srcset=\"\" sizes=\"auto, (max-width: 300px) 100vw, 300px\" data-srcset=\"\" \/><\/a><a href=\"https:\/\/gafaslluquets.com\/wp-content\/uploads\/2022\/12\/LLUQUETS8287.tif\"><img decoding=\"async\" class=\"bg-img alignnone wp-image-202 size-full\" src=\"https:\/\/gafaslluquets.com\/wp-content\/uploads\/2022\/12\/LLUQUETS8287.tif\" alt=\"\"><\/a><\/p>\n<\/div>\n<div class=\"col-lg-2 col-md-2 col-sm-12 col-xs-12\"><\/div>\n<\/div>\n<\/div>\n<\/div>","protected":false},"excerpt":{"rendered":"<p>Formentor Formentor &nbsp; M-018 Ver m\u00e1s &nbsp; M-019 Ver m\u00e1s &nbsp; M-020 Ver m\u00e1s &nbsp; M-021 Ver M\u00e1s &nbsp; &nbsp; M-023 Ver M\u00e1s &nbsp; M-024 Ver M\u00e1s &nbsp; M-026 Ver<\/p>\n<div class=\"read-more\"><a class=\"btn button-secondary\" href=\"https:\/\/gafaslluquets.com\/en\/formentor\/\">Read More<\/a><\/div>","protected":false},"author":1,"featured_media":0,"parent":0,"menu_order":0,"comment_status":"closed","ping_status":"closed","template":"","meta":{"bgseo_title":"","bgseo_description":"","bgseo_robots_index":"index","bgseo_robots_follow":"follow","crio-premium-page-header-override":null,"crio-premium-page-header-select":"none","crio-premium-page-header-featured-image-background":"","crio-premium-page-header-background":"","_monsterinsights_skip_tracking":false,"_monsterinsights_sitenote_active":false,"_monsterinsights_sitenote_note":"","_monsterinsights_sitenote_category":0,"two_page_speed":{"current_score":{"desktop_score":98,"desktop_tti":"0.8\u00a0","mobile_score":63,"mobile_tti":"4.1\u00a0","date":"24.11.2024 01:18:35 am","status":"error_no_score"}},"footnotes":""},"class_list":["post-582","page","type-page","status-publish"],"aioseo_notices":[],"_links":{"self":[{"href":"https:\/\/gafaslluquets.com\/en\/wp-json\/wp\/v2\/pages\/582","targetHints":{"allow":["GET"]}}],"collection":[{"href":"https:\/\/gafaslluquets.com\/en\/wp-json\/wp\/v2\/pages"}],"about":[{"href":"https:\/\/gafaslluquets.com\/en\/wp-json\/wp\/v2\/types\/page"}],"author":[{"embeddable":true,"href":"https:\/\/gafaslluquets.com\/en\/wp-json\/wp\/v2\/users\/1"}],"replies":[{"embeddable":true,"href":"https:\/\/gafaslluquets.com\/en\/wp-json\/wp\/v2\/comments?post=582"}],"version-history":[{"count":1,"href":"https:\/\/gafaslluquets.com\/en\/wp-json\/wp\/v2\/pages\/582\/revisions"}],"predecessor-version":[{"id":854,"href":"https:\/\/gafaslluquets.com\/en\/wp-json\/wp\/v2\/pages\/582\/revisions\/854"}],"wp:attachment":[{"href":"https:\/\/gafaslluquets.com\/en\/wp-json\/wp\/v2\/media?parent=582"}],"curies":[{"name":"wp","href":"https:\/\/api.w.org\/{rel}","templated":true}]}}