{"id":606,"date":"2023-01-05T10:22:50","date_gmt":"2023-01-05T10:22:50","guid":{"rendered":"https:\/\/gafaslluquets.com\/?page_id=606"},"modified":"2025-01-02T13:45:17","modified_gmt":"2025-01-02T13:45:17","slug":"coleccion-especial-2","status":"publish","type":"page","link":"https:\/\/gafaslluquets.com\/en\/coleccion-especial-2\/","title":{"rendered":"Special Collection 2"},"content":{"rendered":"<div class=\"tmpl-call_to_action-4 boldgrid-section dynamic-gridblock hidden-xs hidden-sm\" style=\"border-width: 0px; background-image: url('https:\/\/gafaslluquets.com\/wp-content\/uploads\/2023\/01\/LLUQUETS-9-isquierda-e1672914356385.jpg'); background-size: cover; background-position: 50% 48%;\" data-alpha=\"0.99\" data-image-url=\"https:\/\/gafaslluquets.com\/wp-content\/uploads\/2023\/01\/LLUQUETS-9-isquierda-e1672914356385.jpg\">\n<div class=\"container\">\n<div class=\"row hidden-xs\" style=\"border-width: 0px; padding-top: 0px; padding-bottom: 0px;\">\n<div class=\"col-md-2 col-sm-6 col-xs-10 col-lg-2\">\n<div class=\"bg-box-cover bg-background-color bg-box\" style=\"padding: 85px 10%; background-color: rgba(225, 235, 237, 0.8); color: #1d1d1d;\">\n<h2 class=\"h1\" style=\"margin: 30px 0px; border-width: 0px; font-size: 19px;\">Special Collection 2<\/h2>\n<\/div>\n<\/div>\n<div class=\"col-md-10 col-sm-6 col-xs-2 col-lg-10\"><\/div>\n<\/div>\n<\/div>\n<\/div>\n<div class=\"tmpl-call_to_action-17 boldgrid-section dynamic-gridblock hidden-md hidden-lg\" style=\"border-width: 0px; background-image: url('https:\/\/gafaslluquets.com\/wp-content\/uploads\/2023\/01\/LLUQUETS-9-CAJA1.jpg'); background-size: cover; background-position: 50% 50%;\" data-image-url=\"https:\/\/gafaslluquets.com\/wp-content\/uploads\/2023\/01\/LLUQUETS-9-CAJA1.jpg\">\n<div class=\"container-fluid\">\n<div class=\"row bounceInDown\" style=\"padding-top: 350px; border-width: 0px;\">\n<div class=\"col-md-1 col-sm-1 col-xs-12 col-lg-1\"><\/div>\n<div class=\"col-md-3 col-sm-3 col-xs-12 col-lg-3\"><\/div>\n<div class=\"col-md-4 col-sm-4 col-xs-12 align-column-stretch col-lg-4\">\n<div class=\"bg-box-cover bg-box\" style=\"padding: 2em; z-index: 1; position: relative; margin-top: 50px; margin-bottom: -50px; border-width: 0px; background-color: #4f5258;\">\n<h2 class=\"\" style=\"margin-top: 0px; text-transform: uppercase; border-width: 0px; font-size: 24px;\">Special Collection 2<\/h2>\n<\/div>\n<\/div>\n<div class=\"col-lg-4 col-md-4 col-sm-12 col-xs-12\"><\/div>\n<\/div>\n<\/div>\n<\/div>\n<div class=\"tmpl-services-6 boldgrid-section dynamic-gridblock\" style=\"border-width: 0px; background-color: #4f5258;\">\n<div class=\"container\">\n<div class=\"row\" style=\"padding-top: 69px; padding-bottom: 0px;\">\n<div class=\"col-md-3 col-sm-6 col-xs-12 col-lg-3\">\n<div style=\"padding: 2em; z-index: 1; position: relative; margin-top: 50px; margin-bottom: -50px; border-width: 0px; background-color: #4f5258;\" class=\"bg-box-cover bg-background-color bg-box\">\n<p class=\"h4 color-neutral-color\" style=\"text-align: center; border-width: 0px; color: #322f2e;\"><strong>#1<\/strong><\/p>\n<p class=\"color-neutral-color\" style=\"text-align: center; border-width: 0px;\"><a title=\"Sepcial\/2-1\" href=\"https:\/\/gafaslluquets.com\/en\/sepcial-2-1\/\">See more<\/a><\/p>\n<\/div>\n<\/div>\n<div class=\"col-md-3 col-sm-6 col-xs-12 align-column-center col-lg-3\">\n<p class=\"mod-reset\"><a title=\"Sepcial\/2-1\" href=\"https:\/\/gafaslluquets.com\/en\/sepcial-2-1\/\"><img loading=\"lazy\" decoding=\"async\" class=\"bg-img aligncenter wp-image-619 size-full bg-img-3\" src=\"https:\/\/gafaslluquets.com\/wp-content\/uploads\/2023\/01\/LLUQUETS-10-CAJA1.jpg\" alt=\"\" width=\"2244\" height=\"1497\" srcset=\"https:\/\/gafaslluquets.com\/wp-content\/uploads\/2023\/01\/LLUQUETS-10-CAJA1.jpg 2244w, https:\/\/gafaslluquets.com\/wp-content\/uploads\/2023\/01\/LLUQUETS-10-CAJA1-300x200.jpg 300w, https:\/\/gafaslluquets.com\/wp-content\/uploads\/2023\/01\/LLUQUETS-10-CAJA1-1024x683.jpg 1024w, https:\/\/gafaslluquets.com\/wp-content\/uploads\/2023\/01\/LLUQUETS-10-CAJA1-768x512.jpg 768w, https:\/\/gafaslluquets.com\/wp-content\/uploads\/2023\/01\/LLUQUETS-10-CAJA1-1536x1025.jpg 1536w, https:\/\/gafaslluquets.com\/wp-content\/uploads\/2023\/01\/LLUQUETS-10-CAJA1-2048x1366.jpg 2048w, https:\/\/gafaslluquets.com\/wp-content\/uploads\/2023\/01\/LLUQUETS-10-CAJA1-250x167.jpg 250w, https:\/\/gafaslluquets.com\/wp-content\/uploads\/2023\/01\/LLUQUETS-10-CAJA1-550x367.jpg 550w, https:\/\/gafaslluquets.com\/wp-content\/uploads\/2023\/01\/LLUQUETS-10-CAJA1-800x534.jpg 800w, https:\/\/gafaslluquets.com\/wp-content\/uploads\/2023\/01\/LLUQUETS-10-CAJA1-270x180.jpg 270w, https:\/\/gafaslluquets.com\/wp-content\/uploads\/2023\/01\/LLUQUETS-10-CAJA1-450x300.jpg 450w, https:\/\/gafaslluquets.com\/wp-content\/uploads\/2023\/01\/LLUQUETS-10-CAJA1-749x500.jpg 749w\" sizes=\"auto, (max-width: 2244px) 100vw, 2244px\" \/><\/a><\/p>\n<\/div>\n<div class=\"col-md-3 col-sm-6 col-xs-12 col-lg-3\">\n<div style=\"padding: 2em; z-index: 1; position: relative; margin-top: 50px; margin-bottom: -50px; border-width: 0px; background-color: #4f5258;\" class=\"bg-box-cover bg-background-color bg-box\">\n<p class=\"h4 color4-color\" style=\"text-align: center; border-width: 0px;\"><strong>#2<\/strong><\/p>\n<p class=\"color5-color\" style=\"text-align: center; border-width: 0px;\"><a class=\"color4-color\" style=\"border-width: 0px;\" title=\"Special\/2-2\" href=\"https:\/\/gafaslluquets.com\/en\/special-2-2\/\">See more<\/a><\/p>\n<\/div>\n<\/div>\n<div class=\"col-md-3 col-sm-6 col-xs-12 align-column-center col-lg-3\">\n<p class=\"\" style=\"text-align: center;\"><a title=\"Special\/2-2\" href=\"https:\/\/gafaslluquets.com\/en\/special-2-2\/\"><img loading=\"lazy\" decoding=\"async\" class=\"bg-img aligncenter wp-image-618 size-medium bg-img-3 size-full\" src=\"https:\/\/gafaslluquets.com\/wp-content\/uploads\/2023\/01\/LLUQUET-15-CAJA1-300x200.jpg\" alt=\"\" width=\"300\" height=\"200\" srcset=\"\" sizes=\"auto, (max-width: 300px) 100vw, 300px\" data-srcset=\"\" \/><\/a><a href=\"https:\/\/gafaslluquets.com\/wp-content\/uploads\/2022\/12\/LLUQUETS8287.tif\"><img decoding=\"async\" class=\"bg-img alignnone wp-image-202 size-full\" src=\"https:\/\/gafaslluquets.com\/wp-content\/uploads\/2022\/12\/LLUQUETS8287.tif\" alt=\"\"><\/a><\/p>\n<\/div>\n<\/div>\n<div class=\"row\" style=\"padding-top: 0px; padding-bottom: 0px;\">\n<div class=\"col-md-3 col-sm-6 col-xs-12 col-lg-3\">\n<div style=\"padding: 2em; z-index: 1; position: relative; margin-top: 50px; margin-bottom: -50px; border-width: 0px; background-color: #4f5258;\" class=\"bg-box-cover bg-background-color bg-box\">\n<p class=\"h4 color4-color\" style=\"text-align: center; border-width: 0px;\"><strong>#3<\/strong><\/p>\n<p class=\"color4-color\" style=\"text-align: center; border-width: 0px;\"><a title=\"Special\/2-3\" href=\"https:\/\/gafaslluquets.com\/en\/special-2-3\/\">See more<\/a><\/p>\n<\/div>\n<\/div>\n<div class=\"col-md-3 col-sm-6 col-xs-12 align-column-center col-lg-3\">\n<p class=\"mod-reset\"><a title=\"Special\/2-3\" href=\"https:\/\/gafaslluquets.com\/en\/special-2-3\/\"><img loading=\"lazy\" decoding=\"async\" class=\"bg-img aligncenter wp-image-611 size-full bg-img-3\" src=\"https:\/\/gafaslluquets.com\/wp-content\/uploads\/2023\/01\/LLUQUETS-13-CAJA1.jpg\" alt=\"\" width=\"2244\" height=\"1497\" srcset=\"https:\/\/gafaslluquets.com\/wp-content\/uploads\/2023\/01\/LLUQUETS-13-CAJA1.jpg 2244w, https:\/\/gafaslluquets.com\/wp-content\/uploads\/2023\/01\/LLUQUETS-13-CAJA1-300x200.jpg 300w, https:\/\/gafaslluquets.com\/wp-content\/uploads\/2023\/01\/LLUQUETS-13-CAJA1-1024x683.jpg 1024w, https:\/\/gafaslluquets.com\/wp-content\/uploads\/2023\/01\/LLUQUETS-13-CAJA1-768x512.jpg 768w, https:\/\/gafaslluquets.com\/wp-content\/uploads\/2023\/01\/LLUQUETS-13-CAJA1-1536x1025.jpg 1536w, https:\/\/gafaslluquets.com\/wp-content\/uploads\/2023\/01\/LLUQUETS-13-CAJA1-2048x1366.jpg 2048w, https:\/\/gafaslluquets.com\/wp-content\/uploads\/2023\/01\/LLUQUETS-13-CAJA1-250x167.jpg 250w, https:\/\/gafaslluquets.com\/wp-content\/uploads\/2023\/01\/LLUQUETS-13-CAJA1-550x367.jpg 550w, https:\/\/gafaslluquets.com\/wp-content\/uploads\/2023\/01\/LLUQUETS-13-CAJA1-800x534.jpg 800w, https:\/\/gafaslluquets.com\/wp-content\/uploads\/2023\/01\/LLUQUETS-13-CAJA1-270x180.jpg 270w, https:\/\/gafaslluquets.com\/wp-content\/uploads\/2023\/01\/LLUQUETS-13-CAJA1-450x300.jpg 450w, https:\/\/gafaslluquets.com\/wp-content\/uploads\/2023\/01\/LLUQUETS-13-CAJA1-749x500.jpg 749w\" sizes=\"auto, (max-width: 2244px) 100vw, 2244px\" \/><\/a><\/p>\n<\/div>\n<div class=\"col-md-3 col-sm-6 col-xs-12 col-lg-3\">\n<div style=\"padding: 2em; z-index: 1; position: relative; margin-top: 50px; margin-bottom: -50px; border-width: 0px; background-color: #4f5258;\" class=\"bg-box-cover bg-background-color bg-box\">\n<p class=\"h4 color4-color\" style=\"text-align: center; border-width: 0px;\"><strong>#4<\/strong><\/p>\n<p class=\"color4-color\" style=\"text-align: center; border-width: 0px;\"><a title=\"Special\/2-4\" href=\"https:\/\/gafaslluquets.com\/en\/special-2-4\/\">See more<\/a><\/p>\n<\/div>\n<\/div>\n<div class=\"col-md-3 col-sm-6 col-xs-12 align-column-center col-lg-3\">\n<p class=\"\" style=\"text-align: center;\"><a title=\"Special\/2-4\" href=\"https:\/\/gafaslluquets.com\/en\/special-2-4\/\"><img loading=\"lazy\" decoding=\"async\" class=\"bg-img alignnone wp-image-610 size-medium bg-img-3 aligncenter size-full\" src=\"https:\/\/gafaslluquets.com\/wp-content\/uploads\/2023\/01\/LLUQUETS-9-CAJA1-300x200.jpg\" alt=\"\" width=\"300\" height=\"200\" srcset=\"\" sizes=\"auto, (max-width: 300px) 100vw, 300px\" data-srcset=\"\" \/><\/a><a href=\"https:\/\/gafaslluquets.com\/wp-content\/uploads\/2022\/12\/LLUQUETS8287.tif\"><img decoding=\"async\" class=\"bg-img alignnone wp-image-202 size-full\" src=\"https:\/\/gafaslluquets.com\/wp-content\/uploads\/2022\/12\/LLUQUETS8287.tif\" alt=\"\"><\/a><\/p>\n<\/div>\n<\/div>\n<div class=\"row\" style=\"padding-top: 0px; padding-bottom: 0px;\">\n<div class=\"col-md-3 col-sm-6 col-xs-12 col-lg-3\">\n<div style=\"padding: 2em; z-index: 1; position: relative; margin-top: 50px; margin-bottom: -50px; border-width: 0px; background-color: #4f5258;\" class=\"bg-box-cover bg-background-color bg-box\">\n<p class=\"h4 color2-color\" style=\"text-align: center; border-width: 0px;\"><strong>#5<\/strong><\/p>\n<p class=\"color2-color\" style=\"text-align: center; border-width: 0px;\"><a title=\"Special\/2-5\" href=\"https:\/\/gafaslluquets.com\/en\/special-2-5\/\">See more<\/a><\/p>\n<\/div>\n<\/div>\n<div class=\"col-md-3 col-sm-6 col-xs-12 align-column-center col-lg-3\">\n<p class=\"mod-reset\"><a title=\"Special\/2-5\" href=\"https:\/\/gafaslluquets.com\/en\/special-2-5\/\"><img loading=\"lazy\" decoding=\"async\" class=\"bg-img aligncenter wp-image-612 size-medium bg-img-3 size-full\" src=\"https:\/\/gafaslluquets.com\/wp-content\/uploads\/2023\/01\/LLUQUETS-2-CAJA1-300x200.jpg\" alt=\"\" width=\"300\" height=\"200\" srcset=\"\" sizes=\"auto, (max-width: 300px) 100vw, 300px\" data-srcset=\"\" \/><\/a><\/p>\n<\/div>\n<div class=\"col-md-3 col-sm-6 col-xs-12 col-lg-3\">\n<div style=\"padding: 2em; z-index: 1; position: relative; margin-top: 50px; margin-bottom: -50px; border-width: 0px; background-color: #4f5258;\" class=\"bg-box-cover bg-background-color bg-box\">\n<p class=\"h4 color4-color\" style=\"text-align: center; border-width: 0px;\"><strong>#6<\/strong><\/p>\n<p class=\"color5-color\" style=\"text-align: center; border-width: 0px;\"><a class=\"color2-color\" style=\"border-width: 0px;\" title=\"Special\/2-6\" href=\"https:\/\/gafaslluquets.com\/en\/special-2-6\/\">See more<\/a><\/p>\n<\/div>\n<\/div>\n<div class=\"col-md-3 col-sm-6 col-xs-12 align-column-center col-lg-3\">\n<p class=\"\" style=\"text-align: center;\"><a title=\"Special\/2-6\" href=\"https:\/\/gafaslluquets.com\/en\/special-2-6\/\"><img loading=\"lazy\" decoding=\"async\" class=\"bg-img aligncenter wp-image-613 size-medium bg-img-3 size-full\" src=\"https:\/\/gafaslluquets.com\/wp-content\/uploads\/2023\/01\/LLUQUETS-12-CAJA1-300x200.jpg\" alt=\"\" width=\"300\" height=\"200\" srcset=\"\" sizes=\"auto, (max-width: 300px) 100vw, 300px\" data-srcset=\"\" \/><\/a><a href=\"https:\/\/gafaslluquets.com\/wp-content\/uploads\/2022\/12\/LLUQUETS8287.tif\"><img decoding=\"async\" class=\"bg-img alignnone wp-image-202 size-full\" src=\"https:\/\/gafaslluquets.com\/wp-content\/uploads\/2022\/12\/LLUQUETS8287.tif\" alt=\"\"><\/a><\/p>\n<\/div>\n<\/div>\n<div class=\"row\" style=\"padding-top: 10px; padding-bottom: 100px;\">\n<div class=\"col-md-3 col-sm-6 col-xs-12 col-lg-3\">\n<div style=\"padding: 2em; z-index: 1; position: relative; margin-top: 50px; margin-bottom: -50px; border-width: 0px; background-color: #4f5258;\" class=\"bg-box-cover bg-background-color bg-box\">\n<p class=\"h4 color4-color\" style=\"text-align: center; border-width: 0px;\"><strong>#7<\/strong><\/p>\n<p class=\"color5-color\" style=\"text-align: center; border-width: 0px;\"><a class=\"color2-color\" style=\"border-width: 0px;\" title=\"Special\/2-7\" href=\"https:\/\/gafaslluquets.com\/en\/special-2-7\/\">See more<\/a><\/p>\n<\/div>\n<\/div>\n<div class=\"col-md-3 col-sm-6 col-xs-12 align-column-center col-lg-3\">\n<p class=\"mod-reset\"><a title=\"Special\/2-7\" href=\"https:\/\/gafaslluquets.com\/en\/special-2-7\/\"><img loading=\"lazy\" decoding=\"async\" class=\"bg-img aligncenter wp-image-609 size-medium bg-img-3 size-full\" src=\"https:\/\/gafaslluquets.com\/wp-content\/uploads\/2023\/01\/LLUQUETS-4-CAJA1-300x200.jpg\" alt=\"\" width=\"300\" height=\"200\" srcset=\"\" sizes=\"auto, (max-width: 300px) 100vw, 300px\" data-srcset=\"\" \/><\/a><\/p>\n<\/div>\n<div class=\"col-md-3 col-sm-6 col-xs-12 align-column-center col-lg-3\">\n<p class=\"\" style=\"text-align: center;\"><a href=\"https:\/\/gafaslluquets.com\/wp-content\/uploads\/2022\/12\/LLUQUETS8287.tif\"><img decoding=\"async\" class=\"bg-img alignnone wp-image-202 size-full\" src=\"https:\/\/gafaslluquets.com\/wp-content\/uploads\/2022\/12\/LLUQUETS8287.tif\" alt=\"\"><\/a><\/p>\n<\/div>\n<\/div>\n<\/div>\n<\/div>","protected":false},"excerpt":{"rendered":"<p>Coleccion Especial 2 coleccion especial 2 #1 Ver M\u00e1s #2 Ver m\u00e1s #3 Ver m\u00e1s #4 Ver m\u00e1s #5 Ver m\u00e1s #6 Ver m\u00e1s #7 Ver m\u00e1s<\/p>","protected":false},"author":1,"featured_media":0,"parent":0,"menu_order":0,"comment_status":"closed","ping_status":"closed","template":"","meta":{"bgseo_title":"","bgseo_description":"","bgseo_robots_index":"index","bgseo_robots_follow":"follow","crio-premium-page-header-override":null,"crio-premium-page-header-select":"none","crio-premium-page-header-featured-image-background":"","crio-premium-page-header-background":"","_monsterinsights_skip_tracking":false,"_monsterinsights_sitenote_active":false,"_monsterinsights_sitenote_note":"","_monsterinsights_sitenote_category":0,"two_page_speed":{"current_score":{"desktop_score":98,"desktop_tti":"0.7\u00a0","mobile_score":79,"mobile_tti":"3.1\u00a0","date":"24.11.2024 09:37:27 am","status":"error_no_score"}},"footnotes":""},"class_list":["post-606","page","type-page","status-publish"],"aioseo_notices":[],"_links":{"self":[{"href":"https:\/\/gafaslluquets.com\/en\/wp-json\/wp\/v2\/pages\/606","targetHints":{"allow":["GET"]}}],"collection":[{"href":"https:\/\/gafaslluquets.com\/en\/wp-json\/wp\/v2\/pages"}],"about":[{"href":"https:\/\/gafaslluquets.com\/en\/wp-json\/wp\/v2\/types\/page"}],"author":[{"embeddable":true,"href":"https:\/\/gafaslluquets.com\/en\/wp-json\/wp\/v2\/users\/1"}],"replies":[{"embeddable":true,"href":"https:\/\/gafaslluquets.com\/en\/wp-json\/wp\/v2\/comments?post=606"}],"version-history":[{"count":1,"href":"https:\/\/gafaslluquets.com\/en\/wp-json\/wp\/v2\/pages\/606\/revisions"}],"predecessor-version":[{"id":857,"href":"https:\/\/gafaslluquets.com\/en\/wp-json\/wp\/v2\/pages\/606\/revisions\/857"}],"wp:attachment":[{"href":"https:\/\/gafaslluquets.com\/en\/wp-json\/wp\/v2\/media?parent=606"}],"curies":[{"name":"wp","href":"https:\/\/api.w.org\/{rel}","templated":true}]}}