{"id":648,"date":"2023-01-10T07:54:02","date_gmt":"2023-01-10T07:54:02","guid":{"rendered":"https:\/\/gafaslluquets.com\/?page_id=648"},"modified":"2025-01-09T02:44:39","modified_gmt":"2025-01-09T02:44:39","slug":"formentor-m-023","status":"publish","type":"page","link":"https:\/\/gafaslluquets.com\/en\/formentor-m-023\/","title":{"rendered":"Formentor-M-023"},"content":{"rendered":"<div class=\"boldgrid-section hidden-xs\" style=\"border-width: 0px; background-image: url('https:\/\/gafaslluquets.com\/wp-content\/uploads\/2023\/01\/M-023.jpg'); background-size: cover; background-position: 50% 39%;\" data-image-url=\"https:\/\/gafaslluquets.com\/wp-content\/uploads\/2023\/01\/M-023.jpg\">\n<div class=\"container\">\n<div class=\"row\" style=\"padding-top: 282px; padding-bottom: 210px;\">\n<div class=\"col-lg-12 col-md-12 col-xs-12 col-sm-12\">\n<p class=\"\">&nbsp;<\/p>\n<\/div>\n<\/div>\n<\/div>\n<\/div>\n<div class=\"tmpl-text-16 boldgrid-section dynamic-gridblock hidden-md hidden-lg bg-alpha-220 bg-background-color color1-background-color color-1-text-contrast\" style=\"border-width: 0px; background-size: auto; background-repeat: repeat; background-image: url('https:\/\/gafaslluquets.com\/wp-content\/plugins\/post-and-page-builder\/assets\/image\/patterns\/arches.png');\" data-alpha=\"0.99\" data-bg-uuid=\"bg-alpha-220\">\n<div class=\"container\">\n<div class=\"row hidden-md hidden-lg hidden-sm\" style=\"border-width: 0px;\">\n<div class=\"col-lg-12 col-md-12 col-xs-12 col-sm-12\">\n<div class=\"boldgrid-wrap-row boldgrid-slider\" data-config=\"{&quot;arrows&quot;:false,&quot;autoplay&quot;:false,&quot;autoplaySpeed&quot;:10,&quot;adaptiveHeight&quot;:true,&quot;dots&quot;:true,&quot;swipe&quot;:true,&quot;infinite&quot;:true,&quot;colors&quot;:{&quot;dotsColor&quot;:{&quot;type&quot;:&quot;color&quot;,&quot;value&quot;:&quot;#000000&quot;},&quot;arrowsBG&quot;:{&quot;type&quot;:&quot;color&quot;,&quot;value&quot;:&quot;#1a1a1a&quot;,&quot;text&quot;:&quot;#FFFFFF&quot;}},&quot;bgOptions&quot;:{&quot;arrowsPos&quot;:&quot;standard&quot;,&quot;arrowsSize&quot;:&quot;30&quot;,&quot;arrowsDesign&quot;:&quot;square&quot;,&quot;arrowsOverlay&quot;:true,&quot;arrowsIcon&quot;:&quot;angle-double&quot;,&quot;arrowsBgColor&quot;:&quot;#1a1a1a&quot;,&quot;dotsPos&quot;:&quot;bottom&quot;,&quot;dotsSize&quot;:&quot;50&quot;,&quot;dotsOverlay&quot;:false,&quot;dotsColor&quot;:&quot;#000000&quot;}}\">\n<div class=\"row\" style=\"width: 100%; display: inline-block;\">\n<div class=\"col-md-12 col-sm-12 col-xs-12 col-lg-12\">\n<div class=\"text-center\">\n<p>&nbsp;<\/p>\n<p><a tabindex=\"0\" href=\"https:\/\/gafaslluquets.com\/wp-content\/uploads\/2023\/01\/M-023.jpg\"><img loading=\"lazy\" decoding=\"async\" class=\"alignnone wp-image-595\" src=\"https:\/\/gafaslluquets.com\/wp-content\/uploads\/2023\/01\/M-023.jpg\" alt=\"\" width=\"319\" height=\"213\" srcset=\"https:\/\/gafaslluquets.com\/wp-content\/uploads\/2023\/01\/M-023.jpg 2244w, https:\/\/gafaslluquets.com\/wp-content\/uploads\/2023\/01\/M-023-300x200.jpg 300w, https:\/\/gafaslluquets.com\/wp-content\/uploads\/2023\/01\/M-023-1024x683.jpg 1024w, https:\/\/gafaslluquets.com\/wp-content\/uploads\/2023\/01\/M-023-768x512.jpg 768w, https:\/\/gafaslluquets.com\/wp-content\/uploads\/2023\/01\/M-023-1536x1025.jpg 1536w, https:\/\/gafaslluquets.com\/wp-content\/uploads\/2023\/01\/M-023-2048x1366.jpg 2048w, https:\/\/gafaslluquets.com\/wp-content\/uploads\/2023\/01\/M-023-250x167.jpg 250w, https:\/\/gafaslluquets.com\/wp-content\/uploads\/2023\/01\/M-023-550x367.jpg 550w, https:\/\/gafaslluquets.com\/wp-content\/uploads\/2023\/01\/M-023-800x534.jpg 800w, https:\/\/gafaslluquets.com\/wp-content\/uploads\/2023\/01\/M-023-270x180.jpg 270w, https:\/\/gafaslluquets.com\/wp-content\/uploads\/2023\/01\/M-023-450x300.jpg 450w, https:\/\/gafaslluquets.com\/wp-content\/uploads\/2023\/01\/M-023-749x500.jpg 749w\" sizes=\"auto, (max-width: 319px) 100vw, 319px\" \/><\/a><\/p>\n<p style=\"margin-bottom: 0;\">&nbsp;<\/p>\n<\/div>\n<\/div>\n<\/div>\n<\/div>\n<\/div>\n<\/div>\n<div class=\"row hidden-md hidden-lg\" style=\"padding-top: 0px; padding-bottom: 0px; border-width: 0px;\">\n<p>&nbsp;<\/p>\n<h2 class=\"\"><img loading=\"lazy\" decoding=\"async\" class=\"wp-image-224 aligncenter\" src=\"https:\/\/gafaslluquets.com\/wp-content\/uploads\/2022\/12\/LLUQUETS-Glasses-and-acessories-300x225.jpeg\" alt=\"\" width=\"353\" height=\"265\" srcset=\"https:\/\/gafaslluquets.com\/wp-content\/uploads\/2022\/12\/1.3333333333333712_0_300_225_LLUQUETS-Glasses-and-acessories.jpeg 300w, https:\/\/gafaslluquets.com\/wp-content\/uploads\/2022\/12\/LLUQUETS-Glasses-and-acessories-1024x767.jpeg 1024w, https:\/\/gafaslluquets.com\/wp-content\/uploads\/2022\/12\/LLUQUETS-Glasses-and-acessories-768x575.jpeg 768w, https:\/\/gafaslluquets.com\/wp-content\/uploads\/2022\/12\/LLUQUETS-Glasses-and-acessories-1536x1150.jpeg 1536w, https:\/\/gafaslluquets.com\/wp-content\/uploads\/2022\/12\/LLUQUETS-Glasses-and-acessories-250x187.jpeg 250w, https:\/\/gafaslluquets.com\/wp-content\/uploads\/2022\/12\/LLUQUETS-Glasses-and-acessories-550x412.jpeg 550w, https:\/\/gafaslluquets.com\/wp-content\/uploads\/2022\/12\/LLUQUETS-Glasses-and-acessories-800x599.jpeg 800w, https:\/\/gafaslluquets.com\/wp-content\/uploads\/2022\/12\/LLUQUETS-Glasses-and-acessories-240x180.jpeg 240w, https:\/\/gafaslluquets.com\/wp-content\/uploads\/2022\/12\/LLUQUETS-Glasses-and-acessories-401x300.jpeg 401w, https:\/\/gafaslluquets.com\/wp-content\/uploads\/2022\/12\/LLUQUETS-Glasses-and-acessories-668x500.jpeg 668w, https:\/\/gafaslluquets.com\/wp-content\/uploads\/2022\/12\/LLUQUETS-Glasses-and-acessories.jpeg 2000w\" sizes=\"auto, (max-width: 353px) 100vw, 353px\" \/><\/h2>\n<\/div>\n<p class=\"\">&nbsp;<\/p>\n<\/div>\n<\/div>\n<div class=\"tmpl-about-11 boldgrid-section dynamic-gridblock background-fixed\" style=\"color: #1d1d1d; border-width: 0px; background-color: #0f0e0e;\">\n<div class=\"container-fluid\">\n<div class=\"row\" style=\"border-width: 0px; background-size: auto; background-repeat: repeat; background-image: url('https:\/\/gafaslluquets.com\/wp-content\/plugins\/post-and-page-builder\/assets\/image\/patterns\/arches.png'); background-color: #17a398;\">\n<div class=\"col-md-5 col-sm-12 col-xs-12 col-lg-5 bg-alpha-823 bg-background-color color1-background-color color-1-text-contrast\" style=\"padding: 3em; border-width: 0px; background-size: auto; background-repeat: repeat; background-image: url('https:\/\/gafaslluquets.com\/wp-content\/plugins\/post-and-page-builder\/assets\/image\/patterns\/arches.png');\" data-alpha=\"0.92\" data-bg-uuid=\"bg-alpha-823\">\n<h2 class=\"color-neutral-color\" style=\"border-width: 0px;\">M-023<\/h2>\n<p class=\"color-neutral-color\" style=\"border-width: 0px;\">All the models are made with veneers of natural oak (light to medium brown), walnut (dark brown), cherry (reddish) and ash (essentially light in color), some with different combinations between them. Each piece is unique.<\/p>\n<p class=\"color-neutral-color\" style=\"border-width: 0px;\">All the glasses have their own Mallorcan-inspired \u201cTela de lenguas\u201d box and bag.<\/p>\n<p class=\"\" style=\"margin-top: 30px; border-width: 0px;\"><a class=\"btn btn-raised btn-rounded btn-color-1\" title=\"M-021\" href=\"https:\/\/gafaslluquets.com\/en\/contact-us\/\">Get an offer<\/a><\/p>\n<\/div>\n<div class=\"col-md-7 col-sm-6 col-xs-12 wow fadeInRight color3-background-color color-3-text-contrast bg-background-color col-lg-7 hidden-xs hidden-sm\" data-wow-duration=\"1s\" data-wow-delay=\"2s\" style=\"border-width: 0px; background-image: url('https:\/\/gafaslluquets.com\/wp-content\/uploads\/2022\/12\/LLUQUETS-Glasses-and-acessories.jpeg'); background-size: cover; background-position: 50% 50%;\" data-image-url=\"https:\/\/gafaslluquets.com\/wp-content\/uploads\/2022\/12\/LLUQUETS-Glasses-and-acessories.jpeg\">\n<p class=\"\">&nbsp;<\/p>\n<\/div>\n<\/div>\n<\/div>\n<\/div>","protected":false},"excerpt":{"rendered":"<p>&nbsp; &nbsp; &nbsp; &nbsp; &nbsp; M-023 Todos los modelos est\u00e1n realizados con chapa de maderas naturales de roble(de color marr\u00f3n claro a medio), nogal (de color marr\u00f3n oscuro), cerezo (de<\/p>\n<div class=\"read-more\"><a class=\"btn button-secondary\" href=\"https:\/\/gafaslluquets.com\/en\/formentor-m-023\/\">Read More<\/a><\/div>","protected":false},"author":1,"featured_media":0,"parent":0,"menu_order":0,"comment_status":"closed","ping_status":"closed","template":"","meta":{"bgseo_title":"","bgseo_description":"","bgseo_robots_index":"index","bgseo_robots_follow":"follow","crio-premium-page-header-override":null,"crio-premium-page-header-select":"none","crio-premium-page-header-featured-image-background":"","crio-premium-page-header-background":"","_monsterinsights_skip_tracking":false,"_monsterinsights_sitenote_active":false,"_monsterinsights_sitenote_note":"","_monsterinsights_sitenote_category":0,"two_page_speed":{"current_score":{"desktop_score":99,"desktop_tti":"0.6\u00a0","mobile_score":92,"mobile_tti":"1.4\u00a0","date":"25.11.2024 08:37:23 pm","status":"error_no_score"}},"footnotes":""},"class_list":["post-648","page","type-page","status-publish"],"aioseo_notices":[],"_links":{"self":[{"href":"https:\/\/gafaslluquets.com\/en\/wp-json\/wp\/v2\/pages\/648","targetHints":{"allow":["GET"]}}],"collection":[{"href":"https:\/\/gafaslluquets.com\/en\/wp-json\/wp\/v2\/pages"}],"about":[{"href":"https:\/\/gafaslluquets.com\/en\/wp-json\/wp\/v2\/types\/page"}],"author":[{"embeddable":true,"href":"https:\/\/gafaslluquets.com\/en\/wp-json\/wp\/v2\/users\/1"}],"replies":[{"embeddable":true,"href":"https:\/\/gafaslluquets.com\/en\/wp-json\/wp\/v2\/comments?post=648"}],"version-history":[{"count":1,"href":"https:\/\/gafaslluquets.com\/en\/wp-json\/wp\/v2\/pages\/648\/revisions"}],"predecessor-version":[{"id":880,"href":"https:\/\/gafaslluquets.com\/en\/wp-json\/wp\/v2\/pages\/648\/revisions\/880"}],"wp:attachment":[{"href":"https:\/\/gafaslluquets.com\/en\/wp-json\/wp\/v2\/media?parent=648"}],"curies":[{"name":"wp","href":"https:\/\/api.w.org\/{rel}","templated":true}]}}