{"id":691,"date":"2023-01-10T10:43:51","date_gmt":"2023-01-10T10:43:51","guid":{"rendered":"https:\/\/gafaslluquets.com\/?page_id=691"},"modified":"2025-01-04T21:04:37","modified_gmt":"2025-01-04T21:04:37","slug":"special-2-3","status":"publish","type":"page","link":"https:\/\/gafaslluquets.com\/en\/special-2-3\/","title":{"rendered":"Special\/2-3"},"content":{"rendered":"<div class=\"boldgrid-section hidden-xs\" style=\"border-width: 0px; background-image: url('https:\/\/gafaslluquets.com\/wp-content\/uploads\/2023\/01\/LLUQUETS-13-CAJA1.jpg'); background-size: cover; background-position: 50% 58%;\" data-image-url=\"https:\/\/gafaslluquets.com\/wp-content\/uploads\/2023\/01\/LLUQUETS-13-CAJA1.jpg\">\n<div class=\"container\">\n<div class=\"row\" style=\"padding-top: 375px; padding-bottom: 295px;\">\n<div class=\"col-lg-12 col-md-12 col-xs-12 col-sm-12\">\n<p class=\"\">&nbsp;<\/p>\n<\/div>\n<\/div>\n<\/div>\n<\/div>\n<div class=\"tmpl-text-16 boldgrid-section dynamic-gridblock hidden-md hidden-lg\" style=\"border-width: 0px; background-color: #595959;\">\n<div class=\"container\">\n<div class=\"row hidden-sm hidden-md hidden-lg\" style=\"border-width: 0px;\">\n<div class=\"col-lg-12 col-md-12 col-xs-12 col-sm-12\">\n<div class=\"boldgrid-wrap-row boldgrid-slider\" data-config=\"{&quot;arrows&quot;:false,&quot;autoplay&quot;:false,&quot;autoplaySpeed&quot;:10,&quot;adaptiveHeight&quot;:true,&quot;dots&quot;:true,&quot;swipe&quot;:true,&quot;infinite&quot;:true,&quot;colors&quot;:{&quot;dotsColor&quot;:{&quot;type&quot;:&quot;color&quot;,&quot;value&quot;:&quot;#000000&quot;},&quot;arrowsBG&quot;:{&quot;type&quot;:&quot;color&quot;,&quot;value&quot;:&quot;#1a1a1a&quot;,&quot;text&quot;:&quot;#FFFFFF&quot;}},&quot;bgOptions&quot;:{&quot;arrowsPos&quot;:&quot;standard&quot;,&quot;arrowsSize&quot;:&quot;30&quot;,&quot;arrowsDesign&quot;:&quot;square&quot;,&quot;arrowsOverlay&quot;:true,&quot;arrowsIcon&quot;:&quot;angle-double&quot;,&quot;arrowsBgColor&quot;:&quot;#1a1a1a&quot;,&quot;dotsPos&quot;:&quot;bottom&quot;,&quot;dotsSize&quot;:&quot;50&quot;,&quot;dotsOverlay&quot;:false,&quot;dotsColor&quot;:&quot;#000000&quot;}}\">\n<div class=\"row\" style=\"width: 100%; display: inline-block;\">\n<div class=\"col-md-12 col-sm-12 col-xs-12 col-lg-12\">\n<div class=\"text-center\">\n<p>&nbsp;<\/p>\n<p><a tabindex=\"0\" href=\"https:\/\/gafaslluquets.com\/wp-content\/uploads\/2023\/01\/LLUQUETS-13-CAJA1.jpg\"><img loading=\"lazy\" decoding=\"async\" class=\"alignnone wp-image-611 size-full aligncenter bg-img bg-img-3\" src=\"https:\/\/gafaslluquets.com\/wp-content\/uploads\/2023\/01\/LLUQUETS-13-CAJA1.jpg\" alt=\"\" width=\"2244\" height=\"1497\" srcset=\"https:\/\/gafaslluquets.com\/wp-content\/uploads\/2023\/01\/LLUQUETS-13-CAJA1.jpg 2244w, https:\/\/gafaslluquets.com\/wp-content\/uploads\/2023\/01\/LLUQUETS-13-CAJA1-300x200.jpg 300w, https:\/\/gafaslluquets.com\/wp-content\/uploads\/2023\/01\/LLUQUETS-13-CAJA1-1024x683.jpg 1024w, https:\/\/gafaslluquets.com\/wp-content\/uploads\/2023\/01\/LLUQUETS-13-CAJA1-768x512.jpg 768w, https:\/\/gafaslluquets.com\/wp-content\/uploads\/2023\/01\/LLUQUETS-13-CAJA1-1536x1025.jpg 1536w, https:\/\/gafaslluquets.com\/wp-content\/uploads\/2023\/01\/LLUQUETS-13-CAJA1-2048x1366.jpg 2048w, https:\/\/gafaslluquets.com\/wp-content\/uploads\/2023\/01\/LLUQUETS-13-CAJA1-250x167.jpg 250w, https:\/\/gafaslluquets.com\/wp-content\/uploads\/2023\/01\/LLUQUETS-13-CAJA1-550x367.jpg 550w, https:\/\/gafaslluquets.com\/wp-content\/uploads\/2023\/01\/LLUQUETS-13-CAJA1-800x534.jpg 800w, https:\/\/gafaslluquets.com\/wp-content\/uploads\/2023\/01\/LLUQUETS-13-CAJA1-270x180.jpg 270w, https:\/\/gafaslluquets.com\/wp-content\/uploads\/2023\/01\/LLUQUETS-13-CAJA1-450x300.jpg 450w, https:\/\/gafaslluquets.com\/wp-content\/uploads\/2023\/01\/LLUQUETS-13-CAJA1-749x500.jpg 749w\" sizes=\"auto, (max-width: 2244px) 100vw, 2244px\" \/><\/a><\/p>\n<p style=\"margin-bottom: 0;\">&nbsp;<\/p>\n<\/div>\n<\/div>\n<\/div>\n<\/div>\n<\/div>\n<\/div>\n<div class=\"row hidden-md hidden-lg\" style=\"padding-top: 0px; padding-bottom: 0px; border-width: 0px;\">\n<p>&nbsp;<\/p>\n<h2 class=\"\"><img loading=\"lazy\" decoding=\"async\" class=\"aligncenter wp-image-292 size-medium\" style=\"border-width: 0px;\" src=\"https:\/\/gafaslluquets.com\/wp-content\/uploads\/2022\/12\/53_0_300_224.77341389728_Special-4-accesories-768x496.jpg\" alt=\"\" width=\"300\" height=\"224\"><\/h2>\n<\/div>\n<p class=\"\">&nbsp;<\/p>\n<\/div>\n<\/div>\n<div class=\"tmpl-about-11 boldgrid-section dynamic-gridblock background-fixed\" style=\"color: #1d1d1d; border-width: 0px; background-color: #595959;\">\n<div class=\"container-fluid\">\n<div class=\"row\">\n<div class=\"col-md-1 col-sm-2 col-xs-12 col-lg-1\"><\/div>\n<div class=\"col-md-5 col-sm-10 col-xs-12 col-lg-5\" style=\"padding: 3em; border-width: 0px;\">\n<h2 class=\"color2-color\" style=\"border-width: 0px;\">#3<\/h2>\n<p class=\"color2-color\" style=\"border-width: 0px;\">All the models are made with veneers of natural oak (light to medium brown), walnut (dark brown), cherry (reddish) and ash (essentially light in color), some with different combinations between them. Each piece is unique.<\/p>\n<p class=\"color2-color\" style=\"border-width: 0px;\">All the glasses have their own Mallorcan-inspired \u201cTela de lenguas\u201d box and bag.<\/p>\n<p class=\"\" style=\"margin-top: 30px;\"><a class=\"btn btn-raised btn-rounded btn-color-1\" title=\"Special 6\" href=\"https:\/\/gafaslluquets.com\/en\/contact-us\/\">Get an offer<\/a><\/p>\n<\/div>\n<div class=\"col-md-6 col-sm-6 col-xs-12 wow fadeInRight color3-background-color color-3-text-contrast bg-background-color col-lg-6 hidden-xs hidden-sm\" data-wow-duration=\"1s\" data-wow-delay=\"2s\" style=\"border-width: 0px; background-image: url('https:\/\/gafaslluquets.com\/wp-content\/uploads\/2022\/12\/Special-4-accesories.jpg'); background-size: cover; background-position: 50% 50%;\" data-image-url=\"https:\/\/gafaslluquets.com\/wp-content\/uploads\/2022\/12\/Special-4-accesories.jpg\">\n<p class=\"\">&nbsp;<\/p>\n<\/div>\n<\/div>\n<\/div>\n<\/div>","protected":false},"excerpt":{"rendered":"<p>&nbsp; &nbsp; &nbsp; &nbsp; &nbsp; #3 Todos los modelos est\u00e1n realizados con chapa de maderas naturales de roble(de color marr\u00f3n claro a medio), nogal (de color marr\u00f3n oscuro), cerezo (de<\/p>\n<div class=\"read-more\"><a class=\"btn button-secondary\" href=\"https:\/\/gafaslluquets.com\/en\/special-2-3\/\">Read More<\/a><\/div>","protected":false},"author":1,"featured_media":0,"parent":0,"menu_order":0,"comment_status":"closed","ping_status":"closed","template":"","meta":{"bgseo_title":"","bgseo_description":"","bgseo_robots_index":"index","bgseo_robots_follow":"follow","crio-premium-page-header-override":null,"crio-premium-page-header-select":"none","crio-premium-page-header-featured-image-background":"","crio-premium-page-header-background":"","_monsterinsights_skip_tracking":false,"_monsterinsights_sitenote_active":false,"_monsterinsights_sitenote_note":"","_monsterinsights_sitenote_category":0,"two_page_speed":{"current_score":{"desktop_score":90,"desktop_tti":"0.6\u00a0","mobile_score":98,"mobile_tti":"1.5\u00a0","date":"04.01.2025 09:05:10 pm","status":"completed"}},"footnotes":""},"class_list":["post-691","page","type-page","status-publish"],"aioseo_notices":[],"_links":{"self":[{"href":"https:\/\/gafaslluquets.com\/en\/wp-json\/wp\/v2\/pages\/691","targetHints":{"allow":["GET"]}}],"collection":[{"href":"https:\/\/gafaslluquets.com\/en\/wp-json\/wp\/v2\/pages"}],"about":[{"href":"https:\/\/gafaslluquets.com\/en\/wp-json\/wp\/v2\/types\/page"}],"author":[{"embeddable":true,"href":"https:\/\/gafaslluquets.com\/en\/wp-json\/wp\/v2\/users\/1"}],"replies":[{"embeddable":true,"href":"https:\/\/gafaslluquets.com\/en\/wp-json\/wp\/v2\/comments?post=691"}],"version-history":[{"count":1,"href":"https:\/\/gafaslluquets.com\/en\/wp-json\/wp\/v2\/pages\/691\/revisions"}],"predecessor-version":[{"id":870,"href":"https:\/\/gafaslluquets.com\/en\/wp-json\/wp\/v2\/pages\/691\/revisions\/870"}],"wp:attachment":[{"href":"https:\/\/gafaslluquets.com\/en\/wp-json\/wp\/v2\/media?parent=691"}],"curies":[{"name":"wp","href":"https:\/\/api.w.org\/{rel}","templated":true}]}}